{"id":963,"date":"2022-04-18T13:05:20","date_gmt":"2022-04-18T12:05:20","guid":{"rendered":"http:\/\/artfabriclondon.com\/?page_id=963"},"modified":"2025-08-28T22:40:19","modified_gmt":"2025-08-28T21:40:19","slug":"corporate-public-speaking","status":"publish","type":"page","link":"https:\/\/artfabriclondon.com\/index.php\/corporate-public-speaking\/","title":{"rendered":"Ateliers en entreprises \/ Prise de Parole"},"content":{"rendered":"\n<p><strong>Perfectionnez vos pr\u00e9sentations professionnelles, pr\u00e9parez vos examens ou vos entretiens d\u2019embauche en toute confiance !<\/strong><\/p>\n\n\n\n<p>ArtFabric London vous accompagne pour d\u00e9velopper votre aisance \u00e0 l&#8217;oral et renforcer vos comp\u00e9tences lorsque vous prenez la parole en public.<\/p>\n\n\n\n<p>Gr\u00e2ce \u00e0 une pr\u00e9paration cibl\u00e9e et \u00e0 une pratique efficace, vous surmonterez vos doutes pour une prestation de qualit\u00e9 !<\/p>\n\n\n\n<div class=\"wp-block-buttons is-layout-flex wp-block-buttons-is-layout-flex\">\n<div class=\"wp-block-button is-style-outline\"><a class=\"wp-block-button__link has-white-color has-luminous-vivid-amber-background-color has-text-color has-background has-link-color wp-element-button\">En savoir plus<\/a><\/div>\n<\/div>\n\n\n\n<hr class=\"wp-block-separator has-alpha-channel-opacity\"\/>\n\n\n\n<p><strong>Improve your professional presentations, prepare for exams, and succeed in job interviews with confidence.<\/strong><\/p>\n\n\n\n<p>ArtFabric London supports you in developing strong public speaking skills and presenting yourself with clarity and assurance.<\/p>\n\n\n\n<p>Through focused preparation and practical exercises, you will overcome your fears and deliver consistently high-quality performances.<\/p>\n\n\n\n<div class=\"wp-block-buttons is-layout-flex wp-block-buttons-is-layout-flex\">\n<div class=\"wp-block-button is-style-fill\"><a class=\"wp-block-button__link has-luminous-vivid-amber-background-color has-background wp-element-button\">Tell me more<\/a><\/div>\n<\/div>\n\n\n\n<div class=\"wp-block-themeisle-blocks-advanced-columns has-undefined-columns has-desktop-undefined-layout has-tablet-equal-layout has-mobile-equal-layout has-default-gap has-vertical-unset\" id=\"wp-block-themeisle-blocks-advanced-columns-d25749b5\"><div class=\"wp-block-themeisle-blocks-advanced-columns-overlay\"><\/div><div class=\"innerblocks-wrap\"><\/div><\/div>\n","protected":false},"excerpt":{"rendered":"<p>Perfectionnez vos pr\u00e9sentations professionnelles, pr\u00e9parez vos examens ou vos entretiens d\u2019embauche en toute confiance ! ArtFabric London vous accompagne pour d\u00e9velopper votre aisance \u00e0 l&#8217;oral et renforcer vos comp\u00e9tences lorsque vous prenez la parole en public. Gr\u00e2ce \u00e0 une pr\u00e9paration cibl\u00e9e et \u00e0 une pratique efficace, vous surmonterez vos doutes pour une prestation de qualit\u00e9 [&hellip;]<\/p>\n","protected":false},"author":1,"featured_media":0,"parent":0,"menu_order":0,"comment_status":"closed","ping_status":"closed","template":"template-fullwidth.php","meta":{"footnotes":""},"yoast_head":"<!-- This site is optimized with the Yoast SEO plugin v22.0 - https:\/\/yoast.com\/wordpress\/plugins\/seo\/ -->\n<title>Ateliers en entreprises \/ Prise de Parole - ArtFabric London<\/title>\n<meta name=\"robots\" content=\"index, follow, max-snippet:-1, max-image-preview:large, max-video-preview:-1\" \/>\n<link rel=\"canonical\" href=\"https:\/\/artfabriclondon.com\/index.php\/corporate-public-speaking\/\" \/>\n<meta property=\"og:locale\" content=\"en_US\" \/>\n<meta property=\"og:type\" content=\"article\" \/>\n<meta property=\"og:title\" content=\"Ateliers en entreprises \/ Prise de Parole - ArtFabric London\" \/>\n<meta property=\"og:description\" content=\"Perfectionnez vos pr\u00e9sentations professionnelles, pr\u00e9parez vos examens ou vos entretiens d\u2019embauche en toute confiance ! ArtFabric London vous accompagne pour d\u00e9velopper votre aisance \u00e0 l&#8217;oral et renforcer vos comp\u00e9tences lorsque vous prenez la parole en public. Gr\u00e2ce \u00e0 une pr\u00e9paration cibl\u00e9e et \u00e0 une pratique efficace, vous surmonterez vos doutes pour une prestation de qualit\u00e9 [&hellip;]\" \/>\n<meta property=\"og:url\" content=\"https:\/\/artfabriclondon.com\/index.php\/corporate-public-speaking\/\" \/>\n<meta property=\"og:site_name\" content=\"ArtFabric London\" \/>\n<meta property=\"article:modified_time\" content=\"2025-08-28T21:40:19+00:00\" \/>\n<meta name=\"twitter:card\" content=\"summary_large_image\" \/>\n<meta name=\"twitter:label1\" content=\"Est. reading time\" \/>\n\t<meta name=\"twitter:data1\" content=\"1 minute\" \/>\n<script type=\"application\/ld+json\" class=\"yoast-schema-graph\">{\"@context\":\"https:\/\/schema.org\",\"@graph\":[{\"@type\":\"WebPage\",\"@id\":\"https:\/\/artfabriclondon.com\/index.php\/corporate-public-speaking\/\",\"url\":\"https:\/\/artfabriclondon.com\/index.php\/corporate-public-speaking\/\",\"name\":\"Ateliers en entreprises \/ Prise de Parole - ArtFabric London\",\"isPartOf\":{\"@id\":\"https:\/\/artfabriclondon.com\/#website\"},\"datePublished\":\"2022-04-18T12:05:20+00:00\",\"dateModified\":\"2025-08-28T21:40:19+00:00\",\"breadcrumb\":{\"@id\":\"https:\/\/artfabriclondon.com\/index.php\/corporate-public-speaking\/#breadcrumb\"},\"inLanguage\":\"en-US\",\"potentialAction\":[{\"@type\":\"ReadAction\",\"target\":[\"https:\/\/artfabriclondon.com\/index.php\/corporate-public-speaking\/\"]}]},{\"@type\":\"BreadcrumbList\",\"@id\":\"https:\/\/artfabriclondon.com\/index.php\/corporate-public-speaking\/#breadcrumb\",\"itemListElement\":[{\"@type\":\"ListItem\",\"position\":1,\"name\":\"Accueil\",\"item\":\"https:\/\/artfabriclondon.com\/\"},{\"@type\":\"ListItem\",\"position\":2,\"name\":\"Ateliers en entreprises \/ Prise de Parole\"}]},{\"@type\":\"WebSite\",\"@id\":\"https:\/\/artfabriclondon.com\/#website\",\"url\":\"https:\/\/artfabriclondon.com\/\",\"name\":\"ArtFabric London\",\"description\":\"Cours de th\u00e9\u00e2tre en fran\u00e7ais \u00e0 Londres\",\"publisher\":{\"@id\":\"https:\/\/artfabriclondon.com\/#organization\"},\"potentialAction\":[{\"@type\":\"SearchAction\",\"target\":{\"@type\":\"EntryPoint\",\"urlTemplate\":\"https:\/\/artfabriclondon.com\/?s={search_term_string}\"},\"query-input\":\"required name=search_term_string\"}],\"inLanguage\":\"en-US\"},{\"@type\":\"Organization\",\"@id\":\"https:\/\/artfabriclondon.com\/#organization\",\"name\":\"ArtFabric London\",\"url\":\"https:\/\/artfabriclondon.com\/\",\"logo\":{\"@type\":\"ImageObject\",\"inLanguage\":\"en-US\",\"@id\":\"https:\/\/artfabriclondon.com\/#\/schema\/logo\/image\/\",\"url\":\"http:\/\/artfabriclondon.com\/wp-content\/uploads\/2021\/08\/cropped-cropped-logofinal.png\",\"contentUrl\":\"http:\/\/artfabriclondon.com\/wp-content\/uploads\/2021\/08\/cropped-cropped-logofinal.png\",\"width\":512,\"height\":512,\"caption\":\"ArtFabric London\"},\"image\":{\"@id\":\"https:\/\/artfabriclondon.com\/#\/schema\/logo\/image\/\"}}]}<\/script>\n<!-- \/ Yoast SEO plugin. -->","yoast_head_json":{"title":"Ateliers en entreprises \/ Prise de Parole - ArtFabric London","robots":{"index":"index","follow":"follow","max-snippet":"max-snippet:-1","max-image-preview":"max-image-preview:large","max-video-preview":"max-video-preview:-1"},"canonical":"https:\/\/artfabriclondon.com\/index.php\/corporate-public-speaking\/","og_locale":"en_US","og_type":"article","og_title":"Ateliers en entreprises \/ Prise de Parole - ArtFabric London","og_description":"Perfectionnez vos pr\u00e9sentations professionnelles, pr\u00e9parez vos examens ou vos entretiens d\u2019embauche en toute confiance ! ArtFabric London vous accompagne pour d\u00e9velopper votre aisance \u00e0 l&#8217;oral et renforcer vos comp\u00e9tences lorsque vous prenez la parole en public. Gr\u00e2ce \u00e0 une pr\u00e9paration cibl\u00e9e et \u00e0 une pratique efficace, vous surmonterez vos doutes pour une prestation de qualit\u00e9 [&hellip;]","og_url":"https:\/\/artfabriclondon.com\/index.php\/corporate-public-speaking\/","og_site_name":"ArtFabric London","article_modified_time":"2025-08-28T21:40:19+00:00","twitter_card":"summary_large_image","twitter_misc":{"Est. reading time":"1 minute"},"schema":{"@context":"https:\/\/schema.org","@graph":[{"@type":"WebPage","@id":"https:\/\/artfabriclondon.com\/index.php\/corporate-public-speaking\/","url":"https:\/\/artfabriclondon.com\/index.php\/corporate-public-speaking\/","name":"Ateliers en entreprises \/ Prise de Parole - ArtFabric London","isPartOf":{"@id":"https:\/\/artfabriclondon.com\/#website"},"datePublished":"2022-04-18T12:05:20+00:00","dateModified":"2025-08-28T21:40:19+00:00","breadcrumb":{"@id":"https:\/\/artfabriclondon.com\/index.php\/corporate-public-speaking\/#breadcrumb"},"inLanguage":"en-US","potentialAction":[{"@type":"ReadAction","target":["https:\/\/artfabriclondon.com\/index.php\/corporate-public-speaking\/"]}]},{"@type":"BreadcrumbList","@id":"https:\/\/artfabriclondon.com\/index.php\/corporate-public-speaking\/#breadcrumb","itemListElement":[{"@type":"ListItem","position":1,"name":"Accueil","item":"https:\/\/artfabriclondon.com\/"},{"@type":"ListItem","position":2,"name":"Ateliers en entreprises \/ Prise de Parole"}]},{"@type":"WebSite","@id":"https:\/\/artfabriclondon.com\/#website","url":"https:\/\/artfabriclondon.com\/","name":"ArtFabric London","description":"Cours de th\u00e9\u00e2tre en fran\u00e7ais \u00e0 Londres","publisher":{"@id":"https:\/\/artfabriclondon.com\/#organization"},"potentialAction":[{"@type":"SearchAction","target":{"@type":"EntryPoint","urlTemplate":"https:\/\/artfabriclondon.com\/?s={search_term_string}"},"query-input":"required name=search_term_string"}],"inLanguage":"en-US"},{"@type":"Organization","@id":"https:\/\/artfabriclondon.com\/#organization","name":"ArtFabric London","url":"https:\/\/artfabriclondon.com\/","logo":{"@type":"ImageObject","inLanguage":"en-US","@id":"https:\/\/artfabriclondon.com\/#\/schema\/logo\/image\/","url":"http:\/\/artfabriclondon.com\/wp-content\/uploads\/2021\/08\/cropped-cropped-logofinal.png","contentUrl":"http:\/\/artfabriclondon.com\/wp-content\/uploads\/2021\/08\/cropped-cropped-logofinal.png","width":512,"height":512,"caption":"ArtFabric London"},"image":{"@id":"https:\/\/artfabriclondon.com\/#\/schema\/logo\/image\/"}}]}},"jetpack_sharing_enabled":true,"_links":{"self":[{"href":"https:\/\/artfabriclondon.com\/index.php\/wp-json\/wp\/v2\/pages\/963"}],"collection":[{"href":"https:\/\/artfabriclondon.com\/index.php\/wp-json\/wp\/v2\/pages"}],"about":[{"href":"https:\/\/artfabriclondon.com\/index.php\/wp-json\/wp\/v2\/types\/page"}],"author":[{"embeddable":true,"href":"https:\/\/artfabriclondon.com\/index.php\/wp-json\/wp\/v2\/users\/1"}],"replies":[{"embeddable":true,"href":"https:\/\/artfabriclondon.com\/index.php\/wp-json\/wp\/v2\/comments?post=963"}],"version-history":[{"count":6,"href":"https:\/\/artfabriclondon.com\/index.php\/wp-json\/wp\/v2\/pages\/963\/revisions"}],"predecessor-version":[{"id":1959,"href":"https:\/\/artfabriclondon.com\/index.php\/wp-json\/wp\/v2\/pages\/963\/revisions\/1959"}],"wp:attachment":[{"href":"https:\/\/artfabriclondon.com\/index.php\/wp-json\/wp\/v2\/media?parent=963"}],"curies":[{"name":"wp","href":"https:\/\/api.w.org\/{rel}","templated":true}]}}