{"id":496,"date":"2021-08-03T14:29:08","date_gmt":"2021-08-03T13:29:08","guid":{"rendered":"http:\/\/artfabriclondon.com\/?page_id=496"},"modified":"2025-08-29T15:12:41","modified_gmt":"2025-08-29T14:12:41","slug":"ils-nous-font-confiance","status":"publish","type":"page","link":"https:\/\/artfabriclondon.com\/index.php\/ils-nous-font-confiance\/","title":{"rendered":"Ils nous ont fait confiance"},"content":{"rendered":"\n<div class=\"wp-block-columns is-layout-flex wp-container-core-columns-layout-1 wp-block-columns-is-layout-flex\">\n<div class=\"wp-block-column is-layout-flow wp-block-column-is-layout-flow\"><div class=\"wp-block-image\">\n<figure class=\"aligncenter size-full\"><img loading=\"lazy\" decoding=\"async\" width=\"542\" height=\"200\" src=\"https:\/\/artfabriclondon.com\/wp-content\/uploads\/2023\/03\/Screenshot-2023-03-05-at-08.29.51-1.png\" alt=\"\" class=\"wp-image-1206\" srcset=\"https:\/\/artfabriclondon.com\/wp-content\/uploads\/2023\/03\/Screenshot-2023-03-05-at-08.29.51-1.png 542w, https:\/\/artfabriclondon.com\/wp-content\/uploads\/2023\/03\/Screenshot-2023-03-05-at-08.29.51-1-300x111.png 300w\" sizes=\"(max-width: 542px) 100vw, 542px\" \/><\/figure><\/div>\n\n<div class=\"wp-block-image\">\n<figure class=\"aligncenter size-full\"><img loading=\"lazy\" decoding=\"async\" width=\"394\" height=\"284\" src=\"https:\/\/artfabriclondon.com\/wp-content\/uploads\/2025\/08\/Screenshot-2025-08-28-at-16.01.45.png\" alt=\"\" class=\"wp-image-1859\" srcset=\"https:\/\/artfabriclondon.com\/wp-content\/uploads\/2025\/08\/Screenshot-2025-08-28-at-16.01.45.png 394w, https:\/\/artfabriclondon.com\/wp-content\/uploads\/2025\/08\/Screenshot-2025-08-28-at-16.01.45-300x216.png 300w\" sizes=\"(max-width: 394px) 100vw, 394px\" \/><\/figure><\/div>\n\n\n<figure class=\"wp-block-image size-full\"><img loading=\"lazy\" decoding=\"async\" width=\"326\" height=\"86\" src=\"https:\/\/artfabriclondon.com\/wp-content\/uploads\/2025\/08\/Screenshot-2025-08-29-at-15.08.36.png\" alt=\"\" class=\"wp-image-2018\" srcset=\"https:\/\/artfabriclondon.com\/wp-content\/uploads\/2025\/08\/Screenshot-2025-08-29-at-15.08.36.png 326w, https:\/\/artfabriclondon.com\/wp-content\/uploads\/2025\/08\/Screenshot-2025-08-29-at-15.08.36-300x79.png 300w\" sizes=\"(max-width: 326px) 100vw, 326px\" \/><\/figure>\n<\/div>\n\n\n\n<div class=\"wp-block-column is-layout-flow wp-block-column-is-layout-flow\"><div class=\"wp-block-image\">\n<figure class=\"aligncenter size-full\"><img loading=\"lazy\" decoding=\"async\" width=\"225\" height=\"225\" src=\"https:\/\/artfabriclondon.com\/wp-content\/uploads\/2025\/02\/CFBL-Logo.png\" alt=\"\" class=\"wp-image-1765\" srcset=\"https:\/\/artfabriclondon.com\/wp-content\/uploads\/2025\/02\/CFBL-Logo.png 225w, https:\/\/artfabriclondon.com\/wp-content\/uploads\/2025\/02\/CFBL-Logo-150x150.png 150w\" sizes=\"(max-width: 225px) 100vw, 225px\" \/><\/figure><\/div>\n\n\n<figure class=\"wp-block-image size-full\"><img loading=\"lazy\" decoding=\"async\" width=\"562\" height=\"324\" src=\"https:\/\/artfabriclondon.com\/wp-content\/uploads\/2025\/08\/Screenshot-2025-08-29-at-15.12.06.png\" alt=\"\" class=\"wp-image-2019\" srcset=\"https:\/\/artfabriclondon.com\/wp-content\/uploads\/2025\/08\/Screenshot-2025-08-29-at-15.12.06.png 562w, https:\/\/artfabriclondon.com\/wp-content\/uploads\/2025\/08\/Screenshot-2025-08-29-at-15.12.06-300x173.png 300w\" sizes=\"(max-width: 562px) 100vw, 562px\" \/><\/figure>\n<\/div>\n\n\n\n<div class=\"wp-block-column is-layout-flow wp-block-column-is-layout-flow\"><div class=\"wp-block-image\">\n<figure class=\"aligncenter size-full\"><img loading=\"lazy\" decoding=\"async\" width=\"822\" height=\"376\" src=\"https:\/\/artfabriclondon.com\/wp-content\/uploads\/2021\/08\/Screenshot-2021-08-03-at-14.24.40.png\" alt=\"\" class=\"wp-image-498\" srcset=\"https:\/\/artfabriclondon.com\/wp-content\/uploads\/2021\/08\/Screenshot-2021-08-03-at-14.24.40.png 822w, https:\/\/artfabriclondon.com\/wp-content\/uploads\/2021\/08\/Screenshot-2021-08-03-at-14.24.40-600x274.png 600w, https:\/\/artfabriclondon.com\/wp-content\/uploads\/2021\/08\/Screenshot-2021-08-03-at-14.24.40-300x137.png 300w, https:\/\/artfabriclondon.com\/wp-content\/uploads\/2021\/08\/Screenshot-2021-08-03-at-14.24.40-768x351.png 768w\" sizes=\"(max-width: 822px) 100vw, 822px\" \/><\/figure><\/div>\n\n<div class=\"wp-block-image\">\n<figure class=\"aligncenter size-full\"><img loading=\"lazy\" decoding=\"async\" width=\"506\" height=\"322\" src=\"https:\/\/artfabriclondon.com\/wp-content\/uploads\/2021\/08\/Screenshot-2021-08-03-at-14.27.35.png\" alt=\"\" class=\"wp-image-500\" srcset=\"https:\/\/artfabriclondon.com\/wp-content\/uploads\/2021\/08\/Screenshot-2021-08-03-at-14.27.35.png 506w, https:\/\/artfabriclondon.com\/wp-content\/uploads\/2021\/08\/Screenshot-2021-08-03-at-14.27.35-300x191.png 300w\" sizes=\"(max-width: 506px) 100vw, 506px\" \/><\/figure><\/div><\/div>\n<\/div>\n\n\n\n<p><\/p>\n\n\n\n<div class=\"wp-block-columns is-layout-flex wp-container-core-columns-layout-2 wp-block-columns-is-layout-flex\">\n<div class=\"wp-block-column is-layout-flow wp-block-column-is-layout-flow\"><\/div>\n<\/div>\n","protected":false},"excerpt":{"rendered":"","protected":false},"author":1,"featured_media":0,"parent":0,"menu_order":0,"comment_status":"closed","ping_status":"closed","template":"template-fullwidth.php","meta":{"footnotes":""},"yoast_head":"<!-- This site is optimized with the Yoast SEO plugin v22.0 - https:\/\/yoast.com\/wordpress\/plugins\/seo\/ -->\n<title>Ils nous ont fait confiance - ArtFabric London<\/title>\n<meta name=\"robots\" content=\"index, follow, max-snippet:-1, max-image-preview:large, max-video-preview:-1\" \/>\n<link rel=\"canonical\" href=\"https:\/\/artfabriclondon.com\/index.php\/ils-nous-font-confiance\/\" \/>\n<meta property=\"og:locale\" content=\"en_US\" \/>\n<meta property=\"og:type\" content=\"article\" \/>\n<meta property=\"og:title\" content=\"Ils nous ont fait confiance - ArtFabric London\" \/>\n<meta property=\"og:url\" content=\"https:\/\/artfabriclondon.com\/index.php\/ils-nous-font-confiance\/\" \/>\n<meta property=\"og:site_name\" content=\"ArtFabric London\" \/>\n<meta property=\"article:modified_time\" content=\"2025-08-29T14:12:41+00:00\" \/>\n<meta property=\"og:image\" content=\"https:\/\/artfabriclondon.com\/wp-content\/uploads\/2023\/03\/Screenshot-2023-03-05-at-08.29.51-1.png\" \/>\n<meta name=\"twitter:card\" content=\"summary_large_image\" \/>\n<meta name=\"twitter:label1\" content=\"Est. reading time\" \/>\n\t<meta name=\"twitter:data1\" content=\"2 minutes\" \/>\n<script type=\"application\/ld+json\" class=\"yoast-schema-graph\">{\"@context\":\"https:\/\/schema.org\",\"@graph\":[{\"@type\":\"WebPage\",\"@id\":\"https:\/\/artfabriclondon.com\/index.php\/ils-nous-font-confiance\/\",\"url\":\"https:\/\/artfabriclondon.com\/index.php\/ils-nous-font-confiance\/\",\"name\":\"Ils nous ont fait confiance - ArtFabric London\",\"isPartOf\":{\"@id\":\"https:\/\/artfabriclondon.com\/#website\"},\"datePublished\":\"2021-08-03T13:29:08+00:00\",\"dateModified\":\"2025-08-29T14:12:41+00:00\",\"breadcrumb\":{\"@id\":\"https:\/\/artfabriclondon.com\/index.php\/ils-nous-font-confiance\/#breadcrumb\"},\"inLanguage\":\"en-US\",\"potentialAction\":[{\"@type\":\"ReadAction\",\"target\":[\"https:\/\/artfabriclondon.com\/index.php\/ils-nous-font-confiance\/\"]}]},{\"@type\":\"BreadcrumbList\",\"@id\":\"https:\/\/artfabriclondon.com\/index.php\/ils-nous-font-confiance\/#breadcrumb\",\"itemListElement\":[{\"@type\":\"ListItem\",\"position\":1,\"name\":\"Accueil\",\"item\":\"https:\/\/artfabriclondon.com\/\"},{\"@type\":\"ListItem\",\"position\":2,\"name\":\"Ils nous ont fait confiance\"}]},{\"@type\":\"WebSite\",\"@id\":\"https:\/\/artfabriclondon.com\/#website\",\"url\":\"https:\/\/artfabriclondon.com\/\",\"name\":\"ArtFabric London\",\"description\":\"Cours de th\u00e9\u00e2tre en fran\u00e7ais \u00e0 Londres\",\"publisher\":{\"@id\":\"https:\/\/artfabriclondon.com\/#organization\"},\"potentialAction\":[{\"@type\":\"SearchAction\",\"target\":{\"@type\":\"EntryPoint\",\"urlTemplate\":\"https:\/\/artfabriclondon.com\/?s={search_term_string}\"},\"query-input\":\"required name=search_term_string\"}],\"inLanguage\":\"en-US\"},{\"@type\":\"Organization\",\"@id\":\"https:\/\/artfabriclondon.com\/#organization\",\"name\":\"ArtFabric London\",\"url\":\"https:\/\/artfabriclondon.com\/\",\"logo\":{\"@type\":\"ImageObject\",\"inLanguage\":\"en-US\",\"@id\":\"https:\/\/artfabriclondon.com\/#\/schema\/logo\/image\/\",\"url\":\"http:\/\/artfabriclondon.com\/wp-content\/uploads\/2021\/08\/cropped-cropped-logofinal.png\",\"contentUrl\":\"http:\/\/artfabriclondon.com\/wp-content\/uploads\/2021\/08\/cropped-cropped-logofinal.png\",\"width\":512,\"height\":512,\"caption\":\"ArtFabric London\"},\"image\":{\"@id\":\"https:\/\/artfabriclondon.com\/#\/schema\/logo\/image\/\"}}]}<\/script>\n<!-- \/ Yoast SEO plugin. -->","yoast_head_json":{"title":"Ils nous ont fait confiance - ArtFabric London","robots":{"index":"index","follow":"follow","max-snippet":"max-snippet:-1","max-image-preview":"max-image-preview:large","max-video-preview":"max-video-preview:-1"},"canonical":"https:\/\/artfabriclondon.com\/index.php\/ils-nous-font-confiance\/","og_locale":"en_US","og_type":"article","og_title":"Ils nous ont fait confiance - ArtFabric London","og_url":"https:\/\/artfabriclondon.com\/index.php\/ils-nous-font-confiance\/","og_site_name":"ArtFabric London","article_modified_time":"2025-08-29T14:12:41+00:00","og_image":[{"url":"https:\/\/artfabriclondon.com\/wp-content\/uploads\/2023\/03\/Screenshot-2023-03-05-at-08.29.51-1.png"}],"twitter_card":"summary_large_image","twitter_misc":{"Est. reading time":"2 minutes"},"schema":{"@context":"https:\/\/schema.org","@graph":[{"@type":"WebPage","@id":"https:\/\/artfabriclondon.com\/index.php\/ils-nous-font-confiance\/","url":"https:\/\/artfabriclondon.com\/index.php\/ils-nous-font-confiance\/","name":"Ils nous ont fait confiance - ArtFabric London","isPartOf":{"@id":"https:\/\/artfabriclondon.com\/#website"},"datePublished":"2021-08-03T13:29:08+00:00","dateModified":"2025-08-29T14:12:41+00:00","breadcrumb":{"@id":"https:\/\/artfabriclondon.com\/index.php\/ils-nous-font-confiance\/#breadcrumb"},"inLanguage":"en-US","potentialAction":[{"@type":"ReadAction","target":["https:\/\/artfabriclondon.com\/index.php\/ils-nous-font-confiance\/"]}]},{"@type":"BreadcrumbList","@id":"https:\/\/artfabriclondon.com\/index.php\/ils-nous-font-confiance\/#breadcrumb","itemListElement":[{"@type":"ListItem","position":1,"name":"Accueil","item":"https:\/\/artfabriclondon.com\/"},{"@type":"ListItem","position":2,"name":"Ils nous ont fait confiance"}]},{"@type":"WebSite","@id":"https:\/\/artfabriclondon.com\/#website","url":"https:\/\/artfabriclondon.com\/","name":"ArtFabric London","description":"Cours de th\u00e9\u00e2tre en fran\u00e7ais \u00e0 Londres","publisher":{"@id":"https:\/\/artfabriclondon.com\/#organization"},"potentialAction":[{"@type":"SearchAction","target":{"@type":"EntryPoint","urlTemplate":"https:\/\/artfabriclondon.com\/?s={search_term_string}"},"query-input":"required name=search_term_string"}],"inLanguage":"en-US"},{"@type":"Organization","@id":"https:\/\/artfabriclondon.com\/#organization","name":"ArtFabric London","url":"https:\/\/artfabriclondon.com\/","logo":{"@type":"ImageObject","inLanguage":"en-US","@id":"https:\/\/artfabriclondon.com\/#\/schema\/logo\/image\/","url":"http:\/\/artfabriclondon.com\/wp-content\/uploads\/2021\/08\/cropped-cropped-logofinal.png","contentUrl":"http:\/\/artfabriclondon.com\/wp-content\/uploads\/2021\/08\/cropped-cropped-logofinal.png","width":512,"height":512,"caption":"ArtFabric London"},"image":{"@id":"https:\/\/artfabriclondon.com\/#\/schema\/logo\/image\/"}}]}},"jetpack_sharing_enabled":true,"_links":{"self":[{"href":"https:\/\/artfabriclondon.com\/index.php\/wp-json\/wp\/v2\/pages\/496"}],"collection":[{"href":"https:\/\/artfabriclondon.com\/index.php\/wp-json\/wp\/v2\/pages"}],"about":[{"href":"https:\/\/artfabriclondon.com\/index.php\/wp-json\/wp\/v2\/types\/page"}],"author":[{"embeddable":true,"href":"https:\/\/artfabriclondon.com\/index.php\/wp-json\/wp\/v2\/users\/1"}],"replies":[{"embeddable":true,"href":"https:\/\/artfabriclondon.com\/index.php\/wp-json\/wp\/v2\/comments?post=496"}],"version-history":[{"count":6,"href":"https:\/\/artfabriclondon.com\/index.php\/wp-json\/wp\/v2\/pages\/496\/revisions"}],"predecessor-version":[{"id":2020,"href":"https:\/\/artfabriclondon.com\/index.php\/wp-json\/wp\/v2\/pages\/496\/revisions\/2020"}],"wp:attachment":[{"href":"https:\/\/artfabriclondon.com\/index.php\/wp-json\/wp\/v2\/media?parent=496"}],"curies":[{"name":"wp","href":"https:\/\/api.w.org\/{rel}","templated":true}]}}