{"id":37,"date":"2021-06-28T17:41:22","date_gmt":"2021-06-28T15:41:22","guid":{"rendered":"http:\/\/artfabriclondon.com\/?page_id=37"},"modified":"2026-02-23T09:46:30","modified_gmt":"2026-02-23T09:46:30","slug":"lequipe","status":"publish","type":"page","link":"https:\/\/artfabriclondon.com\/index.php\/a-propos\/lequipe\/","title":{"rendered":"L&#8217;\u00e9quipe"},"content":{"rendered":"\n<div class=\"wp-block-columns is-layout-flex wp-container-core-columns-layout-1 wp-block-columns-is-layout-flex\">\n<div class=\"wp-block-column is-layout-flow wp-block-column-is-layout-flow\"><div class=\"wp-block-image\">\n<figure class=\"aligncenter size-large is-resized\"><img loading=\"lazy\" decoding=\"async\" width=\"619\" height=\"825\" src=\"https:\/\/artfabriclondon.com\/wp-content\/uploads\/2026\/02\/254-edited.jpg\" alt=\"\" class=\"wp-image-2090\" style=\"width:229px;height:auto\" srcset=\"https:\/\/artfabriclondon.com\/wp-content\/uploads\/2026\/02\/254-edited.jpg 619w, https:\/\/artfabriclondon.com\/wp-content\/uploads\/2026\/02\/254-edited-225x300.jpg 225w\" sizes=\"(max-width: 619px) 100vw, 619px\" \/><\/figure><\/div>\n\n\n<p class=\"has-text-align-center\"><strong>Alexiane<\/strong><br>Th\u00e9\u00e2tre en \u00e9coles<br>Prise de parole en public  Stages de th\u00e9\u00e2tre<\/p>\n<\/div>\n\n\n\n<div class=\"wp-block-column is-layout-flow wp-block-column-is-layout-flow\"><div class=\"wp-block-image\">\n<figure class=\"aligncenter size-large is-resized\"><img loading=\"lazy\" decoding=\"async\" width=\"1707\" height=\"2277\" src=\"https:\/\/artfabriclondon.com\/wp-content\/uploads\/2026\/02\/jeffphotoshoot-scaled-edited-1.jpg\" alt=\"\" class=\"wp-image-2094\" style=\"width:229px;height:auto\" srcset=\"https:\/\/artfabriclondon.com\/wp-content\/uploads\/2026\/02\/jeffphotoshoot-scaled-edited-1.jpg 1707w, https:\/\/artfabriclondon.com\/wp-content\/uploads\/2026\/02\/jeffphotoshoot-scaled-edited-1-225x300.jpg 225w, https:\/\/artfabriclondon.com\/wp-content\/uploads\/2026\/02\/jeffphotoshoot-scaled-edited-1-768x1024.jpg 768w, https:\/\/artfabriclondon.com\/wp-content\/uploads\/2026\/02\/jeffphotoshoot-scaled-edited-1-1151x1536.jpg 1151w, https:\/\/artfabriclondon.com\/wp-content\/uploads\/2026\/02\/jeffphotoshoot-scaled-edited-1-1535x2048.jpg 1535w, https:\/\/artfabriclondon.com\/wp-content\/uploads\/2026\/02\/jeffphotoshoot-scaled-edited-1-1320x1761.jpg 1320w\" sizes=\"(max-width: 1707px) 100vw, 1707px\" \/><\/figure><\/div>\n\n\n<p class=\"has-text-align-center\"><strong>Jeff<br><\/strong>Improvisation (cours adultes et ateliers en \u00e9coles)<br>Improvisation en entreprises<\/p>\n<\/div>\n\n\n\n<div class=\"wp-block-column is-layout-flow wp-block-column-is-layout-flow\"><div class=\"wp-block-image\">\n<figure class=\"aligncenter size-large is-resized\"><img loading=\"lazy\" decoding=\"async\" width=\"1066\" height=\"1421\" src=\"https:\/\/artfabriclondon.com\/wp-content\/uploads\/2026\/02\/WhatsApp-Image-2024-02-12-at-17.02.39-edited.jpeg\" alt=\"\" class=\"wp-image-2092\" style=\"width:229px;height:auto\" srcset=\"https:\/\/artfabriclondon.com\/wp-content\/uploads\/2026\/02\/WhatsApp-Image-2024-02-12-at-17.02.39-edited.jpeg 1066w, https:\/\/artfabriclondon.com\/wp-content\/uploads\/2026\/02\/WhatsApp-Image-2024-02-12-at-17.02.39-edited-225x300.jpeg 225w, https:\/\/artfabriclondon.com\/wp-content\/uploads\/2026\/02\/WhatsApp-Image-2024-02-12-at-17.02.39-edited-768x1024.jpeg 768w\" sizes=\"(max-width: 1066px) 100vw, 1066px\" \/><\/figure><\/div>\n\n\n<p class=\"has-text-align-center\"><strong>Caroline<\/strong><br>Cours enfants et remplacements<\/p>\n<\/div>\n<\/div>\n\n\n\n<p><\/p>\n\n\n\n<div class=\"wp-block-columns is-layout-flex wp-container-core-columns-layout-2 wp-block-columns-is-layout-flex\">\n<div class=\"wp-block-column is-layout-flow wp-block-column-is-layout-flow\"><\/div>\n\n\n\n<div class=\"wp-block-column is-layout-flow wp-block-column-is-layout-flow\"><\/div>\n\n\n\n<div class=\"wp-block-column is-layout-flow wp-block-column-is-layout-flow\"><\/div>\n<\/div>\n\n\n\n<div class=\"wp-block-columns is-layout-flex wp-container-core-columns-layout-3 wp-block-columns-is-layout-flex\">\n<div class=\"wp-block-column is-layout-flow wp-block-column-is-layout-flow\"><div class=\"wp-block-image\">\n<figure class=\"aligncenter size-large is-resized\"><img loading=\"lazy\" decoding=\"async\" width=\"841\" height=\"1121\" src=\"https:\/\/artfabriclondon.com\/wp-content\/uploads\/2026\/02\/WhatsApp-Image-2023-11-24-at-15.10.45-edited.jpeg\" alt=\"\" class=\"wp-image-2102\" style=\"width:226px;height:auto\" srcset=\"https:\/\/artfabriclondon.com\/wp-content\/uploads\/2026\/02\/WhatsApp-Image-2023-11-24-at-15.10.45-edited.jpeg 841w, https:\/\/artfabriclondon.com\/wp-content\/uploads\/2026\/02\/WhatsApp-Image-2023-11-24-at-15.10.45-edited-225x300.jpeg 225w, https:\/\/artfabriclondon.com\/wp-content\/uploads\/2026\/02\/WhatsApp-Image-2023-11-24-at-15.10.45-edited-768x1024.jpeg 768w\" sizes=\"(max-width: 841px) 100vw, 841px\" \/><\/figure><\/div>\n\n\n<p class=\"has-text-align-center\"><strong>Henri<\/strong><br>Prise de parole en public et remplacements<\/p>\n<\/div>\n\n\n\n<div class=\"wp-block-column is-layout-flow wp-block-column-is-layout-flow\"><div class=\"wp-block-image\">\n<figure class=\"aligncenter size-full is-resized\"><img loading=\"lazy\" decoding=\"async\" width=\"497\" height=\"662\" src=\"https:\/\/artfabriclondon.com\/wp-content\/uploads\/2026\/02\/Michael-edited.jpeg\" alt=\"\" class=\"wp-image-2110\" style=\"width:227px;height:auto\" srcset=\"https:\/\/artfabriclondon.com\/wp-content\/uploads\/2026\/02\/Michael-edited.jpeg 497w, https:\/\/artfabriclondon.com\/wp-content\/uploads\/2026\/02\/Michael-edited-225x300.jpeg 225w\" sizes=\"(max-width: 497px) 100vw, 497px\" \/><\/figure><\/div>\n\n\n<p class=\"has-text-align-center\"><strong>Michael<\/strong><br>Th\u00e9\u00e2tre et Stage Combat<\/p>\n<\/div>\n\n\n\n<div class=\"wp-block-column is-layout-flow wp-block-column-is-layout-flow\"><\/div>\n<\/div>\n\n\n\n<hr class=\"wp-block-separator has-alpha-channel-opacity\"\/>\n","protected":false},"excerpt":{"rendered":"<p>AlexianeTh\u00e9\u00e2tre en \u00e9colesPrise de parole en public Stages de th\u00e9\u00e2tre JeffImprovisation (cours adultes et ateliers en \u00e9coles)Improvisation en entreprises CarolineCours enfants et remplacements HenriPrise de parole en public et remplacements MichaelTh\u00e9\u00e2tre et Stage Combat<\/p>\n","protected":false},"author":1,"featured_media":0,"parent":503,"menu_order":0,"comment_status":"closed","ping_status":"closed","template":"template-fullwidth.php","meta":{"footnotes":""},"yoast_head":"<!-- This site is optimized with the Yoast SEO plugin v22.0 - https:\/\/yoast.com\/wordpress\/plugins\/seo\/ -->\n<title>L&#039;\u00e9quipe - ArtFabric London<\/title>\n<meta name=\"description\" content=\"L&#039;\u00e9quipe des professeurs d&#039;ArtFabric London vous propose des cours de th\u00e9\u00e2tre et d&#039;improvisation en fran\u00e7ais \u00e0 Londres.\" \/>\n<meta name=\"robots\" content=\"index, follow, max-snippet:-1, max-image-preview:large, max-video-preview:-1\" \/>\n<link rel=\"canonical\" href=\"https:\/\/artfabriclondon.com\/index.php\/a-propos\/lequipe\/\" \/>\n<meta property=\"og:locale\" content=\"en_US\" \/>\n<meta property=\"og:type\" content=\"article\" \/>\n<meta property=\"og:title\" content=\"L&#039;\u00e9quipe - ArtFabric London\" \/>\n<meta property=\"og:description\" content=\"L&#039;\u00e9quipe des professeurs d&#039;ArtFabric London vous propose des cours de th\u00e9\u00e2tre et d&#039;improvisation en fran\u00e7ais \u00e0 Londres.\" \/>\n<meta property=\"og:url\" content=\"https:\/\/artfabriclondon.com\/index.php\/a-propos\/lequipe\/\" \/>\n<meta property=\"og:site_name\" content=\"ArtFabric London\" \/>\n<meta property=\"article:modified_time\" content=\"2026-02-23T09:46:30+00:00\" \/>\n<meta property=\"og:image\" content=\"https:\/\/artfabriclondon.com\/wp-content\/uploads\/2026\/02\/254-edited.jpg\" \/>\n<meta name=\"twitter:card\" content=\"summary_large_image\" \/>\n<meta name=\"twitter:label1\" content=\"Est. reading time\" \/>\n\t<meta name=\"twitter:data1\" content=\"2 minutes\" \/>\n<script type=\"application\/ld+json\" class=\"yoast-schema-graph\">{\"@context\":\"https:\/\/schema.org\",\"@graph\":[{\"@type\":\"WebPage\",\"@id\":\"https:\/\/artfabriclondon.com\/index.php\/a-propos\/lequipe\/\",\"url\":\"https:\/\/artfabriclondon.com\/index.php\/a-propos\/lequipe\/\",\"name\":\"L'\u00e9quipe - ArtFabric London\",\"isPartOf\":{\"@id\":\"https:\/\/artfabriclondon.com\/#website\"},\"datePublished\":\"2021-06-28T15:41:22+00:00\",\"dateModified\":\"2026-02-23T09:46:30+00:00\",\"description\":\"L'\u00e9quipe des professeurs d'ArtFabric London vous propose des cours de th\u00e9\u00e2tre et d'improvisation en fran\u00e7ais \u00e0 Londres.\",\"breadcrumb\":{\"@id\":\"https:\/\/artfabriclondon.com\/index.php\/a-propos\/lequipe\/#breadcrumb\"},\"inLanguage\":\"en-US\",\"potentialAction\":[{\"@type\":\"ReadAction\",\"target\":[\"https:\/\/artfabriclondon.com\/index.php\/a-propos\/lequipe\/\"]}]},{\"@type\":\"BreadcrumbList\",\"@id\":\"https:\/\/artfabriclondon.com\/index.php\/a-propos\/lequipe\/#breadcrumb\",\"itemListElement\":[{\"@type\":\"ListItem\",\"position\":1,\"name\":\"Accueil\",\"item\":\"https:\/\/artfabriclondon.com\/\"},{\"@type\":\"ListItem\",\"position\":2,\"name\":\"\u00c0 propos\",\"item\":\"https:\/\/artfabriclondon.com\/index.php\/a-propos\/\"},{\"@type\":\"ListItem\",\"position\":3,\"name\":\"L&#8217;\u00e9quipe\"}]},{\"@type\":\"WebSite\",\"@id\":\"https:\/\/artfabriclondon.com\/#website\",\"url\":\"https:\/\/artfabriclondon.com\/\",\"name\":\"ArtFabric London\",\"description\":\"Cours de th\u00e9\u00e2tre en fran\u00e7ais \u00e0 Londres\",\"publisher\":{\"@id\":\"https:\/\/artfabriclondon.com\/#organization\"},\"potentialAction\":[{\"@type\":\"SearchAction\",\"target\":{\"@type\":\"EntryPoint\",\"urlTemplate\":\"https:\/\/artfabriclondon.com\/?s={search_term_string}\"},\"query-input\":\"required name=search_term_string\"}],\"inLanguage\":\"en-US\"},{\"@type\":\"Organization\",\"@id\":\"https:\/\/artfabriclondon.com\/#organization\",\"name\":\"ArtFabric London\",\"url\":\"https:\/\/artfabriclondon.com\/\",\"logo\":{\"@type\":\"ImageObject\",\"inLanguage\":\"en-US\",\"@id\":\"https:\/\/artfabriclondon.com\/#\/schema\/logo\/image\/\",\"url\":\"http:\/\/artfabriclondon.com\/wp-content\/uploads\/2021\/08\/cropped-cropped-logofinal.png\",\"contentUrl\":\"http:\/\/artfabriclondon.com\/wp-content\/uploads\/2021\/08\/cropped-cropped-logofinal.png\",\"width\":512,\"height\":512,\"caption\":\"ArtFabric London\"},\"image\":{\"@id\":\"https:\/\/artfabriclondon.com\/#\/schema\/logo\/image\/\"}}]}<\/script>\n<!-- \/ Yoast SEO plugin. -->","yoast_head_json":{"title":"L'\u00e9quipe - ArtFabric London","description":"L'\u00e9quipe des professeurs d'ArtFabric London vous propose des cours de th\u00e9\u00e2tre et d'improvisation en fran\u00e7ais \u00e0 Londres.","robots":{"index":"index","follow":"follow","max-snippet":"max-snippet:-1","max-image-preview":"max-image-preview:large","max-video-preview":"max-video-preview:-1"},"canonical":"https:\/\/artfabriclondon.com\/index.php\/a-propos\/lequipe\/","og_locale":"en_US","og_type":"article","og_title":"L'\u00e9quipe - ArtFabric London","og_description":"L'\u00e9quipe des professeurs d'ArtFabric London vous propose des cours de th\u00e9\u00e2tre et d'improvisation en fran\u00e7ais \u00e0 Londres.","og_url":"https:\/\/artfabriclondon.com\/index.php\/a-propos\/lequipe\/","og_site_name":"ArtFabric London","article_modified_time":"2026-02-23T09:46:30+00:00","og_image":[{"url":"https:\/\/artfabriclondon.com\/wp-content\/uploads\/2026\/02\/254-edited.jpg"}],"twitter_card":"summary_large_image","twitter_misc":{"Est. reading time":"2 minutes"},"schema":{"@context":"https:\/\/schema.org","@graph":[{"@type":"WebPage","@id":"https:\/\/artfabriclondon.com\/index.php\/a-propos\/lequipe\/","url":"https:\/\/artfabriclondon.com\/index.php\/a-propos\/lequipe\/","name":"L'\u00e9quipe - ArtFabric London","isPartOf":{"@id":"https:\/\/artfabriclondon.com\/#website"},"datePublished":"2021-06-28T15:41:22+00:00","dateModified":"2026-02-23T09:46:30+00:00","description":"L'\u00e9quipe des professeurs d'ArtFabric London vous propose des cours de th\u00e9\u00e2tre et d'improvisation en fran\u00e7ais \u00e0 Londres.","breadcrumb":{"@id":"https:\/\/artfabriclondon.com\/index.php\/a-propos\/lequipe\/#breadcrumb"},"inLanguage":"en-US","potentialAction":[{"@type":"ReadAction","target":["https:\/\/artfabriclondon.com\/index.php\/a-propos\/lequipe\/"]}]},{"@type":"BreadcrumbList","@id":"https:\/\/artfabriclondon.com\/index.php\/a-propos\/lequipe\/#breadcrumb","itemListElement":[{"@type":"ListItem","position":1,"name":"Accueil","item":"https:\/\/artfabriclondon.com\/"},{"@type":"ListItem","position":2,"name":"\u00c0 propos","item":"https:\/\/artfabriclondon.com\/index.php\/a-propos\/"},{"@type":"ListItem","position":3,"name":"L&#8217;\u00e9quipe"}]},{"@type":"WebSite","@id":"https:\/\/artfabriclondon.com\/#website","url":"https:\/\/artfabriclondon.com\/","name":"ArtFabric London","description":"Cours de th\u00e9\u00e2tre en fran\u00e7ais \u00e0 Londres","publisher":{"@id":"https:\/\/artfabriclondon.com\/#organization"},"potentialAction":[{"@type":"SearchAction","target":{"@type":"EntryPoint","urlTemplate":"https:\/\/artfabriclondon.com\/?s={search_term_string}"},"query-input":"required name=search_term_string"}],"inLanguage":"en-US"},{"@type":"Organization","@id":"https:\/\/artfabriclondon.com\/#organization","name":"ArtFabric London","url":"https:\/\/artfabriclondon.com\/","logo":{"@type":"ImageObject","inLanguage":"en-US","@id":"https:\/\/artfabriclondon.com\/#\/schema\/logo\/image\/","url":"http:\/\/artfabriclondon.com\/wp-content\/uploads\/2021\/08\/cropped-cropped-logofinal.png","contentUrl":"http:\/\/artfabriclondon.com\/wp-content\/uploads\/2021\/08\/cropped-cropped-logofinal.png","width":512,"height":512,"caption":"ArtFabric London"},"image":{"@id":"https:\/\/artfabriclondon.com\/#\/schema\/logo\/image\/"}}]}},"jetpack_sharing_enabled":true,"_links":{"self":[{"href":"https:\/\/artfabriclondon.com\/index.php\/wp-json\/wp\/v2\/pages\/37"}],"collection":[{"href":"https:\/\/artfabriclondon.com\/index.php\/wp-json\/wp\/v2\/pages"}],"about":[{"href":"https:\/\/artfabriclondon.com\/index.php\/wp-json\/wp\/v2\/types\/page"}],"author":[{"embeddable":true,"href":"https:\/\/artfabriclondon.com\/index.php\/wp-json\/wp\/v2\/users\/1"}],"replies":[{"embeddable":true,"href":"https:\/\/artfabriclondon.com\/index.php\/wp-json\/wp\/v2\/comments?post=37"}],"version-history":[{"count":100,"href":"https:\/\/artfabriclondon.com\/index.php\/wp-json\/wp\/v2\/pages\/37\/revisions"}],"predecessor-version":[{"id":2115,"href":"https:\/\/artfabriclondon.com\/index.php\/wp-json\/wp\/v2\/pages\/37\/revisions\/2115"}],"up":[{"embeddable":true,"href":"https:\/\/artfabriclondon.com\/index.php\/wp-json\/wp\/v2\/pages\/503"}],"wp:attachment":[{"href":"https:\/\/artfabriclondon.com\/index.php\/wp-json\/wp\/v2\/media?parent=37"}],"curies":[{"name":"wp","href":"https:\/\/api.w.org\/{rel}","templated":true}]}}