{"id":286,"date":"2021-07-08T10:14:49","date_gmt":"2021-07-08T08:14:49","guid":{"rendered":"https:\/\/artfabriclondon.com\/?page_id=286"},"modified":"2024-02-06T18:48:40","modified_gmt":"2024-02-06T18:48:40","slug":"contact-alexiane","status":"publish","type":"page","link":"https:\/\/artfabriclondon.com\/index.php\/contact-alexiane\/","title":{"rendered":"Contactez Alexiane"},"content":{"rendered":"\n<p class=\"has-white-color has-luminous-vivid-amber-background-color has-text-color has-background\">Besoin de plus d\u2019informations ? Vous souhaitez r\u00e9server votre cours de th\u00e9\u00e2tre du mardi ou mercredi soir ? Alors envoyez un message \u00e0&nbsp;<strong>Alexiane <\/strong>via ce formulaire<\/p>\n\n\n\n<div class=\"forminator-guttenberg\"><div class=\"forminator-ui forminator-custom-form forminator-custom-form-1533 forminator-design--default  forminator_ajax\" data-forminator-render=\"0\" data-form=\"forminator-module-1533\" data-uid=\"69f2e1c3d9495\"><br\/><\/div><form\n\t\t\t\tid=\"forminator-module-1533\"\n\t\t\t\tclass=\"forminator-ui forminator-custom-form forminator-custom-form-1533 forminator-design--default  forminator_ajax\"\n\t\t\t\tmethod=\"post\"\n\t\t\t\tdata-forminator-render=\"0\"\n\t\t\t\tdata-form-id=\"1533\"\n\t\t\t\t\n\t\t\t\tdata-design=\"default\"\n\t\t\t\t\n\t\t\t\t\n\t\t\t\t\n\t\t\t\tdata-grid=\"open\"\n\t\t\t\t\n\t\t\t\t\n\t\t\t\tstyle=\"display: none;\"\n\t\t\t\t\n\t\t\t\tdata-uid=\"69f2e1c3d9495\"\n\t\t\t><div role=\"alert\" aria-live=\"polite\" class=\"forminator-response-message forminator-error\" aria-hidden=\"true\"><\/div><div class=\"forminator-row\"><div id=\"name-1\" class=\"forminator-field-name forminator-col forminator-col-12 \"><div class=\"forminator-field\"><label for=\"forminator-field-name-1_69f2e1c3d9495\" id=\"forminator-field-name-1_69f2e1c3d9495-label\" class=\"forminator-label\">First Name <span class=\"forminator-required\">*<\/span><\/label><input type=\"text\" name=\"name-1\" value=\"\" placeholder=\"E.g. John\" id=\"forminator-field-name-1_69f2e1c3d9495\" class=\"forminator-input forminator-name--field\" aria-required=\"true\" \/><\/div><\/div><\/div><div class=\"forminator-row\"><div id=\"email-1\" class=\"forminator-field-email forminator-col forminator-col-12 \"><div class=\"forminator-field\"><label for=\"forminator-field-email-1_69f2e1c3d9495\" id=\"forminator-field-email-1_69f2e1c3d9495-label\" class=\"forminator-label\">Email Address <span class=\"forminator-required\">*<\/span><\/label><input type=\"email\" name=\"email-1\" value=\"\" placeholder=\"E.g. john@doe.com\" id=\"forminator-field-email-1_69f2e1c3d9495\" class=\"forminator-input forminator-email--field\" data-required=\"true\" aria-required=\"true\" \/><\/div><\/div><\/div><div class=\"forminator-row\"><div id=\"textarea-1\" class=\"forminator-field-textarea forminator-col forminator-col-12 \"><div class=\"forminator-field\"><label for=\"forminator-field-textarea-1_69f2e1c3d9495\" id=\"forminator-field-textarea-1_69f2e1c3d9495-label\" class=\"forminator-label\">Message<\/label><textarea name=\"textarea-1\" placeholder=\"Enter your message...\" id=\"forminator-field-textarea-1_69f2e1c3d9495\" class=\"forminator-textarea\" rows=\"6\" style=\"min-height:140px;\" maxlength=\"180\" ><\/textarea><span id=\"forminator-field-textarea-1_69f2e1c3d9495-description\" class=\"forminator-description\"><span data-limit=\"180\" data-type=\"characters\">0 \/ 180<\/span><\/span><\/div><\/div><\/div><input type=\"hidden\" name=\"referer_url\" value=\"\" \/><div class=\"forminator-row forminator-row-last\"><div class=\"forminator-col\"><div class=\"forminator-field\"><button class=\"forminator-button forminator-button-submit\">Send Message<\/button><\/div><\/div><\/div><input type=\"hidden\" id=\"forminator_nonce\" name=\"forminator_nonce\" value=\"4013a4eae5\" \/><input type=\"hidden\" name=\"_wp_http_referer\" value=\"\/index.php\/wp-json\/wp\/v2\/pages\/286\" \/><input type=\"hidden\" name=\"form_id\" value=\"1533\"><input type=\"hidden\" name=\"page_id\" value=\"286\"><input type=\"hidden\" name=\"form_type\" value=\"default\"><input type=\"hidden\" name=\"current_url\" value=\"https:\/\/artfabriclondon.com\/index.php\/contact-alexiane\/\"><input type=\"hidden\" name=\"render_id\" value=\"0\"><input type=\"hidden\" name=\"action\" value=\"forminator_submit_form_custom-forms\"><\/form><\/div>\n","protected":false},"excerpt":{"rendered":"<p>Besoin de plus d\u2019informations ? Vous souhaitez r\u00e9server votre cours de th\u00e9\u00e2tre du mardi ou mercredi soir ? Alors envoyez un message \u00e0&nbsp;Alexiane via ce formulaire<\/p>\n","protected":false},"author":1,"featured_media":0,"parent":0,"menu_order":0,"comment_status":"closed","ping_status":"closed","template":"template-fullwidth.php","meta":{"footnotes":""},"yoast_head":"<!-- This site is optimized with the Yoast SEO plugin v22.0 - https:\/\/yoast.com\/wordpress\/plugins\/seo\/ -->\n<title>Contactez Alexiane - ArtFabric London<\/title>\n<meta name=\"description\" content=\"Contactez Alexiane pour des cours de th\u00e9\u00e2tre en Fran\u00e7ais \u00e0 Londres avec ArtFabric London\" \/>\n<meta name=\"robots\" content=\"index, follow, max-snippet:-1, max-image-preview:large, max-video-preview:-1\" \/>\n<link rel=\"canonical\" href=\"https:\/\/artfabriclondon.com\/index.php\/contact-alexiane\/\" \/>\n<meta property=\"og:locale\" content=\"en_US\" \/>\n<meta property=\"og:type\" content=\"article\" \/>\n<meta property=\"og:title\" content=\"Contactez Alexiane - ArtFabric London\" \/>\n<meta property=\"og:description\" content=\"Contactez Alexiane pour des cours de th\u00e9\u00e2tre en Fran\u00e7ais \u00e0 Londres avec ArtFabric London\" \/>\n<meta property=\"og:url\" content=\"https:\/\/artfabriclondon.com\/index.php\/contact-alexiane\/\" \/>\n<meta property=\"og:site_name\" content=\"ArtFabric London\" \/>\n<meta property=\"article:modified_time\" content=\"2024-02-06T18:48:40+00:00\" \/>\n<meta name=\"twitter:card\" content=\"summary_large_image\" \/>\n<meta name=\"twitter:label1\" content=\"Est. reading time\" \/>\n\t<meta name=\"twitter:data1\" content=\"1 minute\" \/>\n<script type=\"application\/ld+json\" class=\"yoast-schema-graph\">{\"@context\":\"https:\/\/schema.org\",\"@graph\":[{\"@type\":\"WebPage\",\"@id\":\"https:\/\/artfabriclondon.com\/index.php\/contact-alexiane\/\",\"url\":\"https:\/\/artfabriclondon.com\/index.php\/contact-alexiane\/\",\"name\":\"Contactez Alexiane - ArtFabric London\",\"isPartOf\":{\"@id\":\"https:\/\/artfabriclondon.com\/#website\"},\"datePublished\":\"2021-07-08T08:14:49+00:00\",\"dateModified\":\"2024-02-06T18:48:40+00:00\",\"description\":\"Contactez Alexiane pour des cours de th\u00e9\u00e2tre en Fran\u00e7ais \u00e0 Londres avec ArtFabric London\",\"breadcrumb\":{\"@id\":\"https:\/\/artfabriclondon.com\/index.php\/contact-alexiane\/#breadcrumb\"},\"inLanguage\":\"en-US\",\"potentialAction\":[{\"@type\":\"ReadAction\",\"target\":[\"https:\/\/artfabriclondon.com\/index.php\/contact-alexiane\/\"]}]},{\"@type\":\"BreadcrumbList\",\"@id\":\"https:\/\/artfabriclondon.com\/index.php\/contact-alexiane\/#breadcrumb\",\"itemListElement\":[{\"@type\":\"ListItem\",\"position\":1,\"name\":\"Accueil\",\"item\":\"https:\/\/artfabriclondon.com\/\"},{\"@type\":\"ListItem\",\"position\":2,\"name\":\"Contactez Alexiane\"}]},{\"@type\":\"WebSite\",\"@id\":\"https:\/\/artfabriclondon.com\/#website\",\"url\":\"https:\/\/artfabriclondon.com\/\",\"name\":\"ArtFabric London\",\"description\":\"Cours de th\u00e9\u00e2tre en fran\u00e7ais \u00e0 Londres\",\"publisher\":{\"@id\":\"https:\/\/artfabriclondon.com\/#organization\"},\"potentialAction\":[{\"@type\":\"SearchAction\",\"target\":{\"@type\":\"EntryPoint\",\"urlTemplate\":\"https:\/\/artfabriclondon.com\/?s={search_term_string}\"},\"query-input\":\"required name=search_term_string\"}],\"inLanguage\":\"en-US\"},{\"@type\":\"Organization\",\"@id\":\"https:\/\/artfabriclondon.com\/#organization\",\"name\":\"ArtFabric London\",\"url\":\"https:\/\/artfabriclondon.com\/\",\"logo\":{\"@type\":\"ImageObject\",\"inLanguage\":\"en-US\",\"@id\":\"https:\/\/artfabriclondon.com\/#\/schema\/logo\/image\/\",\"url\":\"http:\/\/artfabriclondon.com\/wp-content\/uploads\/2021\/08\/cropped-cropped-logofinal.png\",\"contentUrl\":\"http:\/\/artfabriclondon.com\/wp-content\/uploads\/2021\/08\/cropped-cropped-logofinal.png\",\"width\":512,\"height\":512,\"caption\":\"ArtFabric London\"},\"image\":{\"@id\":\"https:\/\/artfabriclondon.com\/#\/schema\/logo\/image\/\"}}]}<\/script>\n<!-- \/ Yoast SEO plugin. -->","yoast_head_json":{"title":"Contactez Alexiane - ArtFabric London","description":"Contactez Alexiane pour des cours de th\u00e9\u00e2tre en Fran\u00e7ais \u00e0 Londres avec ArtFabric London","robots":{"index":"index","follow":"follow","max-snippet":"max-snippet:-1","max-image-preview":"max-image-preview:large","max-video-preview":"max-video-preview:-1"},"canonical":"https:\/\/artfabriclondon.com\/index.php\/contact-alexiane\/","og_locale":"en_US","og_type":"article","og_title":"Contactez Alexiane - ArtFabric London","og_description":"Contactez Alexiane pour des cours de th\u00e9\u00e2tre en Fran\u00e7ais \u00e0 Londres avec ArtFabric London","og_url":"https:\/\/artfabriclondon.com\/index.php\/contact-alexiane\/","og_site_name":"ArtFabric London","article_modified_time":"2024-02-06T18:48:40+00:00","twitter_card":"summary_large_image","twitter_misc":{"Est. reading time":"1 minute"},"schema":{"@context":"https:\/\/schema.org","@graph":[{"@type":"WebPage","@id":"https:\/\/artfabriclondon.com\/index.php\/contact-alexiane\/","url":"https:\/\/artfabriclondon.com\/index.php\/contact-alexiane\/","name":"Contactez Alexiane - ArtFabric London","isPartOf":{"@id":"https:\/\/artfabriclondon.com\/#website"},"datePublished":"2021-07-08T08:14:49+00:00","dateModified":"2024-02-06T18:48:40+00:00","description":"Contactez Alexiane pour des cours de th\u00e9\u00e2tre en Fran\u00e7ais \u00e0 Londres avec ArtFabric London","breadcrumb":{"@id":"https:\/\/artfabriclondon.com\/index.php\/contact-alexiane\/#breadcrumb"},"inLanguage":"en-US","potentialAction":[{"@type":"ReadAction","target":["https:\/\/artfabriclondon.com\/index.php\/contact-alexiane\/"]}]},{"@type":"BreadcrumbList","@id":"https:\/\/artfabriclondon.com\/index.php\/contact-alexiane\/#breadcrumb","itemListElement":[{"@type":"ListItem","position":1,"name":"Accueil","item":"https:\/\/artfabriclondon.com\/"},{"@type":"ListItem","position":2,"name":"Contactez Alexiane"}]},{"@type":"WebSite","@id":"https:\/\/artfabriclondon.com\/#website","url":"https:\/\/artfabriclondon.com\/","name":"ArtFabric London","description":"Cours de th\u00e9\u00e2tre en fran\u00e7ais \u00e0 Londres","publisher":{"@id":"https:\/\/artfabriclondon.com\/#organization"},"potentialAction":[{"@type":"SearchAction","target":{"@type":"EntryPoint","urlTemplate":"https:\/\/artfabriclondon.com\/?s={search_term_string}"},"query-input":"required name=search_term_string"}],"inLanguage":"en-US"},{"@type":"Organization","@id":"https:\/\/artfabriclondon.com\/#organization","name":"ArtFabric London","url":"https:\/\/artfabriclondon.com\/","logo":{"@type":"ImageObject","inLanguage":"en-US","@id":"https:\/\/artfabriclondon.com\/#\/schema\/logo\/image\/","url":"http:\/\/artfabriclondon.com\/wp-content\/uploads\/2021\/08\/cropped-cropped-logofinal.png","contentUrl":"http:\/\/artfabriclondon.com\/wp-content\/uploads\/2021\/08\/cropped-cropped-logofinal.png","width":512,"height":512,"caption":"ArtFabric London"},"image":{"@id":"https:\/\/artfabriclondon.com\/#\/schema\/logo\/image\/"}}]}},"jetpack_sharing_enabled":true,"_links":{"self":[{"href":"https:\/\/artfabriclondon.com\/index.php\/wp-json\/wp\/v2\/pages\/286"}],"collection":[{"href":"https:\/\/artfabriclondon.com\/index.php\/wp-json\/wp\/v2\/pages"}],"about":[{"href":"https:\/\/artfabriclondon.com\/index.php\/wp-json\/wp\/v2\/types\/page"}],"author":[{"embeddable":true,"href":"https:\/\/artfabriclondon.com\/index.php\/wp-json\/wp\/v2\/users\/1"}],"replies":[{"embeddable":true,"href":"https:\/\/artfabriclondon.com\/index.php\/wp-json\/wp\/v2\/comments?post=286"}],"version-history":[{"count":7,"href":"https:\/\/artfabriclondon.com\/index.php\/wp-json\/wp\/v2\/pages\/286\/revisions"}],"predecessor-version":[{"id":1538,"href":"https:\/\/artfabriclondon.com\/index.php\/wp-json\/wp\/v2\/pages\/286\/revisions\/1538"}],"wp:attachment":[{"href":"https:\/\/artfabriclondon.com\/index.php\/wp-json\/wp\/v2\/media?parent=286"}],"curies":[{"name":"wp","href":"https:\/\/api.w.org\/{rel}","templated":true}]}}