{"id":233,"date":"2021-07-08T00:16:36","date_gmt":"2021-07-07T22:16:36","guid":{"rendered":"http:\/\/artfabriclondon.com\/?page_id=233"},"modified":"2025-08-28T10:57:09","modified_gmt":"2025-08-28T09:57:09","slug":"partenaires","status":"publish","type":"page","link":"https:\/\/artfabriclondon.com\/index.php\/partenaires\/","title":{"rendered":"Partenaires"},"content":{"rendered":"\n<h3 class=\"wp-block-heading\"><strong>Chez Art Fabric, on aime collaborer ! Voici quelques compagnies partenaires \u00e0 d\u00e9couvrir :<\/strong><\/h3>\n\n\n\n<div class=\"wp-block-media-text alignwide is-stacked-on-mobile\" style=\"grid-template-columns:25% auto\"><figure class=\"wp-block-media-text__media\"><img loading=\"lazy\" decoding=\"async\" width=\"750\" height=\"750\" src=\"https:\/\/artfabriclondon.com\/wp-content\/uploads\/2022\/04\/douce-france.jpeg\" alt=\"\" class=\"wp-image-971 size-full\" srcset=\"https:\/\/artfabriclondon.com\/wp-content\/uploads\/2022\/04\/douce-france.jpeg 750w, https:\/\/artfabriclondon.com\/wp-content\/uploads\/2022\/04\/douce-france-300x300.jpeg 300w, https:\/\/artfabriclondon.com\/wp-content\/uploads\/2022\/04\/douce-france-150x150.jpeg 150w\" sizes=\"(max-width: 750px) 100vw, 750px\" \/><\/figure><div class=\"wp-block-media-text__content\">\n<h4 class=\"wp-block-heading has-luminous-vivid-amber-color has-text-color has-link-color wp-elements-615568275b34af2dbeda782e6412fce7\"><strong>Douce France London<\/strong><\/h4>\n\n\n\n<p><a href=\"https:\/\/www.facebook.com\/doucefrancelondon\/\">French holiday camps and after school clubs &#8211; South West London<\/a><\/p>\n<\/div><\/div>\n\n\n\n<hr class=\"wp-block-separator has-css-opacity\"\/>\n\n\n\n<div class=\"wp-block-media-text alignwide is-stacked-on-mobile is-image-fill\" style=\"grid-template-columns:25% auto\"><figure class=\"wp-block-media-text__media\" style=\"background-image:url(https:\/\/artfabriclondon.com\/wp-content\/uploads\/2021\/07\/french-it-up-1024x576.jpeg);background-position:100% 22%\"><a href=\"https:\/\/www.facebook.com\/groups\/885969931537047\"><img loading=\"lazy\" decoding=\"async\" width=\"1024\" height=\"576\" src=\"https:\/\/artfabriclondon.com\/wp-content\/uploads\/2021\/07\/french-it-up-1024x576.jpeg\" alt=\"\" class=\"wp-image-408 size-full\" srcset=\"https:\/\/artfabriclondon.com\/wp-content\/uploads\/2021\/07\/french-it-up-1024x576.jpeg 1024w, https:\/\/artfabriclondon.com\/wp-content\/uploads\/2021\/07\/french-it-up-600x338.jpeg 600w, https:\/\/artfabriclondon.com\/wp-content\/uploads\/2021\/07\/french-it-up-300x169.jpeg 300w, https:\/\/artfabriclondon.com\/wp-content\/uploads\/2021\/07\/french-it-up-768x432.jpeg 768w, https:\/\/artfabriclondon.com\/wp-content\/uploads\/2021\/07\/french-it-up-1536x864.jpeg 1536w, https:\/\/artfabriclondon.com\/wp-content\/uploads\/2021\/07\/french-it-up.jpeg 1920w\" sizes=\"(max-width: 1024px) 100vw, 1024px\" \/><\/a><\/figure><div class=\"wp-block-media-text__content\">\n<h4 class=\"wp-block-heading has-luminous-vivid-amber-color has-text-color\">French it up Comedy<\/h4>\n\n\n\n<p><a href=\"https:\/\/www.facebook.com\/groups\/885969931537047\">Shows de stand up bilingue \u00e0 Londres, avec des spectacles mensuels. Des humoristes fran\u00e7ais et anglais viennent tester leur mat\u00e9riel dans une atmosph\u00e8re d\u00e9tendue, chaque mois, \u00e0 Exmouth Market.<\/a><\/p>\n<\/div><\/div>\n\n\n\n<hr class=\"wp-block-separator has-css-opacity\"\/>\n\n\n\n<div class=\"wp-block-media-text alignwide is-stacked-on-mobile is-image-fill\" style=\"grid-template-columns:26% auto\"><figure class=\"wp-block-media-text__media\" style=\"background-image:url(https:\/\/artfabriclondon.com\/wp-content\/uploads\/2021\/07\/FBI.jpeg);background-position:50% 50%\"><a href=\"https:\/\/www.facebook.com\/frenchbritishimprovisation\"><img loading=\"lazy\" decoding=\"async\" width=\"976\" height=\"976\" src=\"https:\/\/artfabriclondon.com\/wp-content\/uploads\/2021\/07\/FBI.jpeg\" alt=\"\" class=\"wp-image-402 size-full\" srcset=\"https:\/\/artfabriclondon.com\/wp-content\/uploads\/2021\/07\/FBI.jpeg 976w, https:\/\/artfabriclondon.com\/wp-content\/uploads\/2021\/07\/FBI-300x300.jpeg 300w, https:\/\/artfabriclondon.com\/wp-content\/uploads\/2021\/07\/FBI-100x100.jpeg 100w, https:\/\/artfabriclondon.com\/wp-content\/uploads\/2021\/07\/FBI-600x600.jpeg 600w, https:\/\/artfabriclondon.com\/wp-content\/uploads\/2021\/07\/FBI-150x150.jpeg 150w, https:\/\/artfabriclondon.com\/wp-content\/uploads\/2021\/07\/FBI-768x768.jpeg 768w\" sizes=\"(max-width: 976px) 100vw, 976px\" \/><\/a><\/figure><div class=\"wp-block-media-text__content\">\n<h4 class=\"wp-block-heading has-luminous-vivid-amber-color has-text-color\">FBI (French British Improvisation)<\/h4>\n\n\n\n<p><a href=\"https:\/\/www.facebook.com\/frenchbritishimprovisation\">Ligue Londonienne d&#8217;improvisation qui propose de nombreux shows tout au long de l&#8217;ann\u00e9e.<\/a><\/p>\n<\/div><\/div>\n\n\n\n<hr class=\"wp-block-separator has-css-opacity\"\/>\n\n\n\n<div class=\"wp-block-media-text alignwide is-stacked-on-mobile is-image-fill\" style=\"grid-template-columns:25% auto\"><figure class=\"wp-block-media-text__media\" style=\"background-image:url(https:\/\/artfabriclondon.com\/wp-content\/uploads\/2025\/08\/PERSPECTIVE-NO-BACKGROUND.png);background-position:50% 50%\"><a href=\"http:\/\/perspective-productions.com\/\"><img loading=\"lazy\" decoding=\"async\" width=\"500\" height=\"500\" src=\"https:\/\/artfabriclondon.com\/wp-content\/uploads\/2025\/08\/PERSPECTIVE-NO-BACKGROUND.png\" alt=\"\" class=\"wp-image-1828 size-full\" srcset=\"https:\/\/artfabriclondon.com\/wp-content\/uploads\/2025\/08\/PERSPECTIVE-NO-BACKGROUND.png 500w, https:\/\/artfabriclondon.com\/wp-content\/uploads\/2025\/08\/PERSPECTIVE-NO-BACKGROUND-300x300.png 300w, https:\/\/artfabriclondon.com\/wp-content\/uploads\/2025\/08\/PERSPECTIVE-NO-BACKGROUND-150x150.png 150w\" sizes=\"(max-width: 500px) 100vw, 500px\" \/><\/a><\/figure><div class=\"wp-block-media-text__content\">\n<h4 class=\"wp-block-heading has-luminous-vivid-amber-color has-text-color\">Perspective<\/h4>\n\n\n\n<p><a href=\"http:\/\/perspective-productions.com\/\">Compagnie de th\u00e9\u00e2tre \u00e0 Londres qui propose des pi\u00e8ces en fran\u00e7ais et en anglais.<\/a><\/p>\n<\/div><\/div>\n\n\n\n<hr class=\"wp-block-separator has-css-opacity\"\/>\n\n\n\n<div class=\"wp-block-media-text alignwide is-stacked-on-mobile\" style=\"grid-template-columns:25% auto\"><figure class=\"wp-block-media-text__media\"><a href=\"https:\/\/www.facebook.com\/onzalaprod\/\"><img loading=\"lazy\" decoding=\"async\" width=\"1024\" height=\"1024\" src=\"https:\/\/artfabriclondon.com\/wp-content\/uploads\/2021\/07\/Onzala-1024x1024.png\" alt=\"\" class=\"wp-image-429 size-full\" srcset=\"https:\/\/artfabriclondon.com\/wp-content\/uploads\/2021\/07\/Onzala.png 1024w, https:\/\/artfabriclondon.com\/wp-content\/uploads\/2021\/07\/Onzala-300x300.png 300w, https:\/\/artfabriclondon.com\/wp-content\/uploads\/2021\/07\/Onzala-100x100.png 100w, https:\/\/artfabriclondon.com\/wp-content\/uploads\/2021\/07\/Onzala-600x600.png 600w, https:\/\/artfabriclondon.com\/wp-content\/uploads\/2021\/07\/Onzala-150x150.png 150w, https:\/\/artfabriclondon.com\/wp-content\/uploads\/2021\/07\/Onzala-768x768.png 768w\" sizes=\"(max-width: 1024px) 100vw, 1024px\" \/><\/a><\/figure><div class=\"wp-block-media-text__content\">\n<h4 class=\"wp-block-heading has-luminous-vivid-amber-color has-text-color\"><strong>ONZALA PROD<\/strong><\/h4>\n\n\n\n<p><a href=\"https:\/\/www.facebook.com\/onzalaprod\">Boite de production fran\u00e7aise \u00e0 Londres, aux courts-m\u00e9trages r\u00e9compens\u00e9s.<\/a><\/p>\n<\/div><\/div>\n\n\n\n<hr class=\"wp-block-separator has-css-opacity\"\/>\n\n\n\n<div class=\"wp-block-media-text alignwide is-stacked-on-mobile is-vertically-aligned-top is-image-fill\" style=\"grid-template-columns:27% auto\"><figure class=\"wp-block-media-text__media\" style=\"background-image:url(https:\/\/artfabriclondon.com\/wp-content\/uploads\/2021\/07\/Valets-de-coeur-1024x1024.jpeg);background-position:50% 50%\"><a href=\"https:\/\/www.facebook.com\/valetdecoeurimprov\"><img loading=\"lazy\" decoding=\"async\" width=\"1024\" height=\"1024\" src=\"https:\/\/artfabriclondon.com\/wp-content\/uploads\/2021\/07\/Valets-de-coeur-1024x1024.jpeg\" alt=\"\" class=\"wp-image-404 size-full\" srcset=\"https:\/\/artfabriclondon.com\/wp-content\/uploads\/2021\/07\/Valets-de-coeur-1024x1024.jpeg 1024w, https:\/\/artfabriclondon.com\/wp-content\/uploads\/2021\/07\/Valets-de-coeur-300x300.jpeg 300w, https:\/\/artfabriclondon.com\/wp-content\/uploads\/2021\/07\/Valets-de-coeur-100x100.jpeg 100w, https:\/\/artfabriclondon.com\/wp-content\/uploads\/2021\/07\/Valets-de-coeur-600x600.jpeg 600w, https:\/\/artfabriclondon.com\/wp-content\/uploads\/2021\/07\/Valets-de-coeur-150x150.jpeg 150w, https:\/\/artfabriclondon.com\/wp-content\/uploads\/2021\/07\/Valets-de-coeur-768x768.jpeg 768w, https:\/\/artfabriclondon.com\/wp-content\/uploads\/2021\/07\/Valets-de-coeur.jpeg 1059w\" sizes=\"(max-width: 1024px) 100vw, 1024px\" \/><\/a><\/figure><div class=\"wp-block-media-text__content\">\n<h4 class=\"wp-block-heading has-luminous-vivid-amber-color has-text-color\">Valet de Coeur<\/h4>\n\n\n\n<p><a href=\"https:\/\/www.facebook.com\/valetdecoeurimprov\">Compagnie professionnelle francophone d&#8217;improvisation \u00e0 Londres qui propose des spectacles en format long.<\/a><\/p>\n<\/div><\/div>\n","protected":false},"excerpt":{"rendered":"<p>Chez Art Fabric, on aime collaborer ! Voici quelques compagnies partenaires \u00e0 d\u00e9couvrir : Douce France London French holiday camps and after school clubs &#8211; South West London French it up Comedy Shows de stand up bilingue \u00e0 Londres, avec des spectacles mensuels. Des humoristes fran\u00e7ais et anglais viennent tester leur mat\u00e9riel dans une atmosph\u00e8re [&hellip;]<\/p>\n","protected":false},"author":1,"featured_media":0,"parent":0,"menu_order":0,"comment_status":"closed","ping_status":"closed","template":"template-fullwidth.php","meta":{"footnotes":""},"yoast_head":"<!-- This site is optimized with the Yoast SEO plugin v22.0 - https:\/\/yoast.com\/wordpress\/plugins\/seo\/ -->\n<title>Partenaires - ArtFabric London<\/title>\n<meta name=\"description\" content=\"ArtFabric London c&#039;est aussi des collaborations. D\u00e9couvrez les comagnies partenaires.\" \/>\n<meta name=\"robots\" content=\"index, follow, max-snippet:-1, max-image-preview:large, max-video-preview:-1\" \/>\n<link rel=\"canonical\" href=\"https:\/\/artfabriclondon.com\/index.php\/partenaires\/\" \/>\n<meta property=\"og:locale\" content=\"en_US\" \/>\n<meta property=\"og:type\" content=\"article\" \/>\n<meta property=\"og:title\" content=\"Partenaires - ArtFabric London\" \/>\n<meta property=\"og:description\" content=\"ArtFabric London c&#039;est aussi des collaborations. D\u00e9couvrez les comagnies partenaires.\" \/>\n<meta property=\"og:url\" content=\"https:\/\/artfabriclondon.com\/index.php\/partenaires\/\" \/>\n<meta property=\"og:site_name\" content=\"ArtFabric London\" \/>\n<meta property=\"article:modified_time\" content=\"2025-08-28T09:57:09+00:00\" \/>\n<meta property=\"og:image\" content=\"http:\/\/artfabriclondon.com\/wp-content\/uploads\/2022\/04\/douce-france.jpeg\" \/>\n<meta name=\"twitter:card\" content=\"summary_large_image\" \/>\n<meta name=\"twitter:label1\" content=\"Est. reading time\" \/>\n\t<meta name=\"twitter:data1\" content=\"2 minutes\" \/>\n<script type=\"application\/ld+json\" class=\"yoast-schema-graph\">{\"@context\":\"https:\/\/schema.org\",\"@graph\":[{\"@type\":\"WebPage\",\"@id\":\"https:\/\/artfabriclondon.com\/index.php\/partenaires\/\",\"url\":\"https:\/\/artfabriclondon.com\/index.php\/partenaires\/\",\"name\":\"Partenaires - ArtFabric London\",\"isPartOf\":{\"@id\":\"https:\/\/artfabriclondon.com\/#website\"},\"datePublished\":\"2021-07-07T22:16:36+00:00\",\"dateModified\":\"2025-08-28T09:57:09+00:00\",\"description\":\"ArtFabric London c'est aussi des collaborations. D\u00e9couvrez les comagnies partenaires.\",\"breadcrumb\":{\"@id\":\"https:\/\/artfabriclondon.com\/index.php\/partenaires\/#breadcrumb\"},\"inLanguage\":\"en-US\",\"potentialAction\":[{\"@type\":\"ReadAction\",\"target\":[\"https:\/\/artfabriclondon.com\/index.php\/partenaires\/\"]}]},{\"@type\":\"BreadcrumbList\",\"@id\":\"https:\/\/artfabriclondon.com\/index.php\/partenaires\/#breadcrumb\",\"itemListElement\":[{\"@type\":\"ListItem\",\"position\":1,\"name\":\"Accueil\",\"item\":\"https:\/\/artfabriclondon.com\/\"},{\"@type\":\"ListItem\",\"position\":2,\"name\":\"Partenaires\"}]},{\"@type\":\"WebSite\",\"@id\":\"https:\/\/artfabriclondon.com\/#website\",\"url\":\"https:\/\/artfabriclondon.com\/\",\"name\":\"ArtFabric London\",\"description\":\"Cours de th\u00e9\u00e2tre en fran\u00e7ais \u00e0 Londres\",\"publisher\":{\"@id\":\"https:\/\/artfabriclondon.com\/#organization\"},\"potentialAction\":[{\"@type\":\"SearchAction\",\"target\":{\"@type\":\"EntryPoint\",\"urlTemplate\":\"https:\/\/artfabriclondon.com\/?s={search_term_string}\"},\"query-input\":\"required name=search_term_string\"}],\"inLanguage\":\"en-US\"},{\"@type\":\"Organization\",\"@id\":\"https:\/\/artfabriclondon.com\/#organization\",\"name\":\"ArtFabric London\",\"url\":\"https:\/\/artfabriclondon.com\/\",\"logo\":{\"@type\":\"ImageObject\",\"inLanguage\":\"en-US\",\"@id\":\"https:\/\/artfabriclondon.com\/#\/schema\/logo\/image\/\",\"url\":\"http:\/\/artfabriclondon.com\/wp-content\/uploads\/2021\/08\/cropped-cropped-logofinal.png\",\"contentUrl\":\"http:\/\/artfabriclondon.com\/wp-content\/uploads\/2021\/08\/cropped-cropped-logofinal.png\",\"width\":512,\"height\":512,\"caption\":\"ArtFabric London\"},\"image\":{\"@id\":\"https:\/\/artfabriclondon.com\/#\/schema\/logo\/image\/\"}}]}<\/script>\n<!-- \/ Yoast SEO plugin. -->","yoast_head_json":{"title":"Partenaires - ArtFabric London","description":"ArtFabric London c'est aussi des collaborations. D\u00e9couvrez les comagnies partenaires.","robots":{"index":"index","follow":"follow","max-snippet":"max-snippet:-1","max-image-preview":"max-image-preview:large","max-video-preview":"max-video-preview:-1"},"canonical":"https:\/\/artfabriclondon.com\/index.php\/partenaires\/","og_locale":"en_US","og_type":"article","og_title":"Partenaires - ArtFabric London","og_description":"ArtFabric London c'est aussi des collaborations. D\u00e9couvrez les comagnies partenaires.","og_url":"https:\/\/artfabriclondon.com\/index.php\/partenaires\/","og_site_name":"ArtFabric London","article_modified_time":"2025-08-28T09:57:09+00:00","og_image":[{"url":"http:\/\/artfabriclondon.com\/wp-content\/uploads\/2022\/04\/douce-france.jpeg"}],"twitter_card":"summary_large_image","twitter_misc":{"Est. reading time":"2 minutes"},"schema":{"@context":"https:\/\/schema.org","@graph":[{"@type":"WebPage","@id":"https:\/\/artfabriclondon.com\/index.php\/partenaires\/","url":"https:\/\/artfabriclondon.com\/index.php\/partenaires\/","name":"Partenaires - ArtFabric London","isPartOf":{"@id":"https:\/\/artfabriclondon.com\/#website"},"datePublished":"2021-07-07T22:16:36+00:00","dateModified":"2025-08-28T09:57:09+00:00","description":"ArtFabric London c'est aussi des collaborations. D\u00e9couvrez les comagnies partenaires.","breadcrumb":{"@id":"https:\/\/artfabriclondon.com\/index.php\/partenaires\/#breadcrumb"},"inLanguage":"en-US","potentialAction":[{"@type":"ReadAction","target":["https:\/\/artfabriclondon.com\/index.php\/partenaires\/"]}]},{"@type":"BreadcrumbList","@id":"https:\/\/artfabriclondon.com\/index.php\/partenaires\/#breadcrumb","itemListElement":[{"@type":"ListItem","position":1,"name":"Accueil","item":"https:\/\/artfabriclondon.com\/"},{"@type":"ListItem","position":2,"name":"Partenaires"}]},{"@type":"WebSite","@id":"https:\/\/artfabriclondon.com\/#website","url":"https:\/\/artfabriclondon.com\/","name":"ArtFabric London","description":"Cours de th\u00e9\u00e2tre en fran\u00e7ais \u00e0 Londres","publisher":{"@id":"https:\/\/artfabriclondon.com\/#organization"},"potentialAction":[{"@type":"SearchAction","target":{"@type":"EntryPoint","urlTemplate":"https:\/\/artfabriclondon.com\/?s={search_term_string}"},"query-input":"required name=search_term_string"}],"inLanguage":"en-US"},{"@type":"Organization","@id":"https:\/\/artfabriclondon.com\/#organization","name":"ArtFabric London","url":"https:\/\/artfabriclondon.com\/","logo":{"@type":"ImageObject","inLanguage":"en-US","@id":"https:\/\/artfabriclondon.com\/#\/schema\/logo\/image\/","url":"http:\/\/artfabriclondon.com\/wp-content\/uploads\/2021\/08\/cropped-cropped-logofinal.png","contentUrl":"http:\/\/artfabriclondon.com\/wp-content\/uploads\/2021\/08\/cropped-cropped-logofinal.png","width":512,"height":512,"caption":"ArtFabric London"},"image":{"@id":"https:\/\/artfabriclondon.com\/#\/schema\/logo\/image\/"}}]}},"jetpack_sharing_enabled":true,"_links":{"self":[{"href":"https:\/\/artfabriclondon.com\/index.php\/wp-json\/wp\/v2\/pages\/233"}],"collection":[{"href":"https:\/\/artfabriclondon.com\/index.php\/wp-json\/wp\/v2\/pages"}],"about":[{"href":"https:\/\/artfabriclondon.com\/index.php\/wp-json\/wp\/v2\/types\/page"}],"author":[{"embeddable":true,"href":"https:\/\/artfabriclondon.com\/index.php\/wp-json\/wp\/v2\/users\/1"}],"replies":[{"embeddable":true,"href":"https:\/\/artfabriclondon.com\/index.php\/wp-json\/wp\/v2\/comments?post=233"}],"version-history":[{"count":18,"href":"https:\/\/artfabriclondon.com\/index.php\/wp-json\/wp\/v2\/pages\/233\/revisions"}],"predecessor-version":[{"id":1834,"href":"https:\/\/artfabriclondon.com\/index.php\/wp-json\/wp\/v2\/pages\/233\/revisions\/1834"}],"wp:attachment":[{"href":"https:\/\/artfabriclondon.com\/index.php\/wp-json\/wp\/v2\/media?parent=233"}],"curies":[{"name":"wp","href":"https:\/\/api.w.org\/{rel}","templated":true}]}}