{"id":2117,"date":"2026-02-23T10:41:47","date_gmt":"2026-02-23T10:41:47","guid":{"rendered":"https:\/\/artfabriclondon.com\/?page_id=2117"},"modified":"2026-02-23T10:57:57","modified_gmt":"2026-02-23T10:57:57","slug":"legal-notices","status":"publish","type":"page","link":"https:\/\/artfabriclondon.com\/index.php\/legal-notices\/","title":{"rendered":"Legal Notices"},"content":{"rendered":"\n<p><strong>Website Owner<\/strong><br>Art Fabric London Theatre Ltd\/ Alexiane Cazenave<br>Email: artfabriclondon.theatre[arobase]gmail.com<br>registered Company No. 13460688<\/p>\n\n\n\n<p><strong>Hosting<\/strong><br>This website is hosted by: OVHcloud<br>Hosting Provider Name: OVH SAS<br>Hosting Provider Address: 2 rue Kellermann, 59100 Roubaix, France<br>Hosting Provider Contact Information: +33 9 72 10 10 07<\/p>\n\n\n\n<p><strong>Intellectual Property<\/strong><br>All content on this website, including text, images, graphics, logos, and videos, is the property of Art Fabric London Theatre Ltd  \/ Alexiane Cazenave or its content providers and is protected by copyright and intellectual property laws. Any reproduction, distribution, modification, or use of the content without prior written permission is strictly prohibited.<\/p>\n\n\n\n<p><strong>Data Protection &amp; Privacy<\/strong><br>Personal data collected through this website is processed in accordance with applicable data protection laws, including [applicable law, e.g., GDPR]. Personal information will not be sold or shared with third parties without consent. You may request access, correction, or deletion of your personal data by contacting [email address].<\/p>\n\n\n\n<p><strong>Cookies<\/strong><br>This website uses cookies to improve user experience. By continuing to use the site, you consent to the use of cookies in accordance with our [Cookie Policy \/ Privacy Policy].<\/p>\n\n\n\n<p><strong>Liability<\/strong><br>Art Fabric London Theatre Ltd cannot be held responsible for any damages resulting from the use of this website, including but not limited to direct or indirect losses, interruptions, or errors.<\/p>\n\n\n\n<p><strong>Governing Law<\/strong><br>These legal notices are governed by the laws of UK. Any disputes arising from the use of this website will be subject to the exclusive jurisdiction of the courts of London.<\/p>\n","protected":false},"excerpt":{"rendered":"<p>Website OwnerArt Fabric London Theatre Ltd\/ Alexiane CazenaveEmail: artfabriclondon.theatre[arobase]gmail.comregistered Company No. 13460688 HostingThis website is hosted by: OVHcloudHosting Provider Name: OVH SASHosting Provider Address: 2 rue Kellermann, 59100 Roubaix, FranceHosting Provider Contact Information: +33 9 72 10 10 07 Intellectual PropertyAll content on this website, including text, images, graphics, logos, and videos, is the property [&hellip;]<\/p>\n","protected":false},"author":1,"featured_media":0,"parent":0,"menu_order":0,"comment_status":"closed","ping_status":"closed","template":"template-fullwidth.php","meta":{"footnotes":""},"yoast_head":"<!-- This site is optimized with the Yoast SEO plugin v22.0 - https:\/\/yoast.com\/wordpress\/plugins\/seo\/ -->\n<title>Legal Notices - ArtFabric London<\/title>\n<meta name=\"robots\" content=\"index, follow, max-snippet:-1, max-image-preview:large, max-video-preview:-1\" \/>\n<link rel=\"canonical\" href=\"https:\/\/artfabriclondon.com\/index.php\/legal-notices\/\" \/>\n<meta property=\"og:locale\" content=\"en_US\" \/>\n<meta property=\"og:type\" content=\"article\" \/>\n<meta property=\"og:title\" content=\"Legal Notices - ArtFabric London\" \/>\n<meta property=\"og:description\" content=\"Website OwnerArt Fabric London Theatre Ltd\/ Alexiane CazenaveEmail: artfabriclondon.theatre[arobase]gmail.comregistered Company No. 13460688 HostingThis website is hosted by: OVHcloudHosting Provider Name: OVH SASHosting Provider Address: 2 rue Kellermann, 59100 Roubaix, FranceHosting Provider Contact Information: +33 9 72 10 10 07 Intellectual PropertyAll content on this website, including text, images, graphics, logos, and videos, is the property [&hellip;]\" \/>\n<meta property=\"og:url\" content=\"https:\/\/artfabriclondon.com\/index.php\/legal-notices\/\" \/>\n<meta property=\"og:site_name\" content=\"ArtFabric London\" \/>\n<meta property=\"article:modified_time\" content=\"2026-02-23T10:57:57+00:00\" \/>\n<meta name=\"twitter:card\" content=\"summary_large_image\" \/>\n<meta name=\"twitter:label1\" content=\"Est. reading time\" \/>\n\t<meta name=\"twitter:data1\" content=\"2 minutes\" \/>\n<script type=\"application\/ld+json\" class=\"yoast-schema-graph\">{\"@context\":\"https:\/\/schema.org\",\"@graph\":[{\"@type\":\"WebPage\",\"@id\":\"https:\/\/artfabriclondon.com\/index.php\/legal-notices\/\",\"url\":\"https:\/\/artfabriclondon.com\/index.php\/legal-notices\/\",\"name\":\"Legal Notices - ArtFabric London\",\"isPartOf\":{\"@id\":\"https:\/\/artfabriclondon.com\/#website\"},\"datePublished\":\"2026-02-23T10:41:47+00:00\",\"dateModified\":\"2026-02-23T10:57:57+00:00\",\"breadcrumb\":{\"@id\":\"https:\/\/artfabriclondon.com\/index.php\/legal-notices\/#breadcrumb\"},\"inLanguage\":\"en-US\",\"potentialAction\":[{\"@type\":\"ReadAction\",\"target\":[\"https:\/\/artfabriclondon.com\/index.php\/legal-notices\/\"]}]},{\"@type\":\"BreadcrumbList\",\"@id\":\"https:\/\/artfabriclondon.com\/index.php\/legal-notices\/#breadcrumb\",\"itemListElement\":[{\"@type\":\"ListItem\",\"position\":1,\"name\":\"Accueil\",\"item\":\"https:\/\/artfabriclondon.com\/\"},{\"@type\":\"ListItem\",\"position\":2,\"name\":\"Legal Notices\"}]},{\"@type\":\"WebSite\",\"@id\":\"https:\/\/artfabriclondon.com\/#website\",\"url\":\"https:\/\/artfabriclondon.com\/\",\"name\":\"ArtFabric London\",\"description\":\"Cours de th\u00e9\u00e2tre en fran\u00e7ais \u00e0 Londres\",\"publisher\":{\"@id\":\"https:\/\/artfabriclondon.com\/#organization\"},\"potentialAction\":[{\"@type\":\"SearchAction\",\"target\":{\"@type\":\"EntryPoint\",\"urlTemplate\":\"https:\/\/artfabriclondon.com\/?s={search_term_string}\"},\"query-input\":\"required name=search_term_string\"}],\"inLanguage\":\"en-US\"},{\"@type\":\"Organization\",\"@id\":\"https:\/\/artfabriclondon.com\/#organization\",\"name\":\"ArtFabric London\",\"url\":\"https:\/\/artfabriclondon.com\/\",\"logo\":{\"@type\":\"ImageObject\",\"inLanguage\":\"en-US\",\"@id\":\"https:\/\/artfabriclondon.com\/#\/schema\/logo\/image\/\",\"url\":\"http:\/\/artfabriclondon.com\/wp-content\/uploads\/2021\/08\/cropped-cropped-logofinal.png\",\"contentUrl\":\"http:\/\/artfabriclondon.com\/wp-content\/uploads\/2021\/08\/cropped-cropped-logofinal.png\",\"width\":512,\"height\":512,\"caption\":\"ArtFabric London\"},\"image\":{\"@id\":\"https:\/\/artfabriclondon.com\/#\/schema\/logo\/image\/\"}}]}<\/script>\n<!-- \/ Yoast SEO plugin. -->","yoast_head_json":{"title":"Legal Notices - ArtFabric London","robots":{"index":"index","follow":"follow","max-snippet":"max-snippet:-1","max-image-preview":"max-image-preview:large","max-video-preview":"max-video-preview:-1"},"canonical":"https:\/\/artfabriclondon.com\/index.php\/legal-notices\/","og_locale":"en_US","og_type":"article","og_title":"Legal Notices - ArtFabric London","og_description":"Website OwnerArt Fabric London Theatre Ltd\/ Alexiane CazenaveEmail: artfabriclondon.theatre[arobase]gmail.comregistered Company No. 13460688 HostingThis website is hosted by: OVHcloudHosting Provider Name: OVH SASHosting Provider Address: 2 rue Kellermann, 59100 Roubaix, FranceHosting Provider Contact Information: +33 9 72 10 10 07 Intellectual PropertyAll content on this website, including text, images, graphics, logos, and videos, is the property [&hellip;]","og_url":"https:\/\/artfabriclondon.com\/index.php\/legal-notices\/","og_site_name":"ArtFabric London","article_modified_time":"2026-02-23T10:57:57+00:00","twitter_card":"summary_large_image","twitter_misc":{"Est. reading time":"2 minutes"},"schema":{"@context":"https:\/\/schema.org","@graph":[{"@type":"WebPage","@id":"https:\/\/artfabriclondon.com\/index.php\/legal-notices\/","url":"https:\/\/artfabriclondon.com\/index.php\/legal-notices\/","name":"Legal Notices - ArtFabric London","isPartOf":{"@id":"https:\/\/artfabriclondon.com\/#website"},"datePublished":"2026-02-23T10:41:47+00:00","dateModified":"2026-02-23T10:57:57+00:00","breadcrumb":{"@id":"https:\/\/artfabriclondon.com\/index.php\/legal-notices\/#breadcrumb"},"inLanguage":"en-US","potentialAction":[{"@type":"ReadAction","target":["https:\/\/artfabriclondon.com\/index.php\/legal-notices\/"]}]},{"@type":"BreadcrumbList","@id":"https:\/\/artfabriclondon.com\/index.php\/legal-notices\/#breadcrumb","itemListElement":[{"@type":"ListItem","position":1,"name":"Accueil","item":"https:\/\/artfabriclondon.com\/"},{"@type":"ListItem","position":2,"name":"Legal Notices"}]},{"@type":"WebSite","@id":"https:\/\/artfabriclondon.com\/#website","url":"https:\/\/artfabriclondon.com\/","name":"ArtFabric London","description":"Cours de th\u00e9\u00e2tre en fran\u00e7ais \u00e0 Londres","publisher":{"@id":"https:\/\/artfabriclondon.com\/#organization"},"potentialAction":[{"@type":"SearchAction","target":{"@type":"EntryPoint","urlTemplate":"https:\/\/artfabriclondon.com\/?s={search_term_string}"},"query-input":"required name=search_term_string"}],"inLanguage":"en-US"},{"@type":"Organization","@id":"https:\/\/artfabriclondon.com\/#organization","name":"ArtFabric London","url":"https:\/\/artfabriclondon.com\/","logo":{"@type":"ImageObject","inLanguage":"en-US","@id":"https:\/\/artfabriclondon.com\/#\/schema\/logo\/image\/","url":"http:\/\/artfabriclondon.com\/wp-content\/uploads\/2021\/08\/cropped-cropped-logofinal.png","contentUrl":"http:\/\/artfabriclondon.com\/wp-content\/uploads\/2021\/08\/cropped-cropped-logofinal.png","width":512,"height":512,"caption":"ArtFabric London"},"image":{"@id":"https:\/\/artfabriclondon.com\/#\/schema\/logo\/image\/"}}]}},"jetpack_sharing_enabled":true,"_links":{"self":[{"href":"https:\/\/artfabriclondon.com\/index.php\/wp-json\/wp\/v2\/pages\/2117"}],"collection":[{"href":"https:\/\/artfabriclondon.com\/index.php\/wp-json\/wp\/v2\/pages"}],"about":[{"href":"https:\/\/artfabriclondon.com\/index.php\/wp-json\/wp\/v2\/types\/page"}],"author":[{"embeddable":true,"href":"https:\/\/artfabriclondon.com\/index.php\/wp-json\/wp\/v2\/users\/1"}],"replies":[{"embeddable":true,"href":"https:\/\/artfabriclondon.com\/index.php\/wp-json\/wp\/v2\/comments?post=2117"}],"version-history":[{"count":1,"href":"https:\/\/artfabriclondon.com\/index.php\/wp-json\/wp\/v2\/pages\/2117\/revisions"}],"predecessor-version":[{"id":2120,"href":"https:\/\/artfabriclondon.com\/index.php\/wp-json\/wp\/v2\/pages\/2117\/revisions\/2120"}],"wp:attachment":[{"href":"https:\/\/artfabriclondon.com\/index.php\/wp-json\/wp\/v2\/media?parent=2117"}],"curies":[{"name":"wp","href":"https:\/\/api.w.org\/{rel}","templated":true}]}}