{"id":1738,"date":"2024-10-07T19:23:48","date_gmt":"2024-10-07T18:23:48","guid":{"rendered":"https:\/\/artfabriclondon.com\/?page_id=1738"},"modified":"2025-08-29T15:16:46","modified_gmt":"2025-08-29T14:16:46","slug":"public-speaking-and-networking-workshops","status":"publish","type":"page","link":"https:\/\/artfabriclondon.com\/index.php\/public-speaking-and-networking-workshops\/","title":{"rendered":"Public Speaking workshops"},"content":{"rendered":"\n<p class=\"has-text-align-center\"><strong><br><\/strong><em>by ArtFabric London<\/em><\/p>\n\n\n\n<style>.spice-blocks-image#spiceblocksimagefe3633dd{\n\t\t\t\t\t\tbackground-color:undefined;\t\t\t\t\t\t\n\t\t\t\t\t\tanimation-delay: undefinedms;\n\t\t\t\t\t\tmargin: 0px 0px 0px 0px;\n\t\t\t\t\t\tpadding: 0px 0px 0px 0px;\t\t\t\t\t\t\t\n\t\t\t\t\t}\n\t\t\t\t\t.spice-blocks-image#spiceblocksimagefe3633dd img{\n\t\t\t\t\t\tbox-shadow: 0px 0px 9px #000000;\t\t\t\t\t\t\n\t\t\t\t\t}\n\t\t\t\t\t.spice-blocks-image#spiceblocksimagefe3633dd img{\n\t\t\t\t\t\tborder:   ;\n\t\t\t\t\t\tborder-top:null;\n\t\t\t\t\t\tborder-right:null;\n\t\t\t\t\t\tborder-bottom:null;\n\t\t\t\t\t\tborder-left:null;\n\t\t\t\t\t\tborder-radius: 0px 0px 0px 0px;\n\t\t\t\t\t\twidth: 410px;\n\t  \t\t\t\t\theight: undefinedpx;\n\t  \t\t\t\t\topacity: undefined;\n\t\t\t\t\t\tobject-fit: initial;\n\t\t\t\t\t\tfilter: brightness( 100% ) contrast( 100% ) saturate( 100% ) blur( 0px ) hue-rotate( 0deg );\n\t\t\t\t\t}\n\t\t\t\t\t.spice-blocks-image#spiceblocksimagefe3633dd span{\n\t\t\t\t\t\tfont-size: undefined;\n\t\t\t\t\t\tfont-weight: 600;\n\t\t\t\t\t\tline-height: 58px;\n\t\t\t\t\t\tfont-family: Open Sans;\n\t\t\t\t\t\ttext-transform:undefined;\n\t\t\t\t\t\ttext-decoration:undefined;\n\t\t\t\t\t\tletter-spacing:undefinedpx;\n\t\t\t\t\t\tcolor:#000;\n\t\t\t\t\t\tpadding: 0px 0px 0px 0px;\n\t\t\t\t\t}\n\t\t\t\t\tundefined<\/style><script>var fontfamily2=`Open Sans`; var url2 = 'https:\/\/fonts.googleapis.com\/css2?family='+fontfamily2+':wght@100;200;300;400;500;600;700;800;900&amp;display=swap'; var link2 = document.createElement('link'); link2.href = url2; link2.rel = \"stylesheet\"; link2.type =  \"text\/css\"; document.head.appendChild(link2);<\/script><div id=\"spiceblocksimagefe3633dd\" class=\"image-upload-wrapper spice-blocks-image has-text-align-center wow animated       undefined undefined\"><div class=\"spice-img\"><img decoding=\"async\" src=\"https:\/\/artfabriclondon.com\/wp-content\/uploads\/2024\/02\/Prise-parole-photo-2.png\"\/><\/div><\/div>\n\n\n\n<p><\/p>\n\n\n\n<p class=\"has-black-color has-text-color has-background has-link-color wp-elements-58617198df55863b94658691ed080bf2\" style=\"background-color:#cee1eb\"><strong>Public speaking <\/strong>can be intimidating, with 75% of people experiencing anxiety about it. <\/p>\n\n\n\n<p>Our workshops provide practical tips and tools that you can apply right away to enhance your public speaking skills in professional environments.<\/p>\n\n\n\n<p class=\"has-text-align-center\">&nbsp;In our sessions, you will learn to:<\/p>\n\n\n\n<ul>\n<li><strong>Use your unique voice correctly<\/strong> to be heard but mostly listened to and enable effective communication<\/li>\n\n\n\n<li><strong>Improve your body language<\/strong> and use it to your advantage.<\/li>\n\n\n\n<li><strong>Build confidence <\/strong>&#8211; feel and seem more comfortable in high-pressure situations.<\/li>\n\n\n\n<li><strong>Interact with your audience<\/strong> &#8211; an essential skill for captivating presentations.<\/li>\n<\/ul>\n\n\n\n<p>Those workshops are also a fantastic team-building experience!<\/p>\n\n\n\n<p class=\"has-text-align-center has-black-color has-text-color has-background has-link-color wp-elements-b44c47d80542436f51cb647dbd41a999\" style=\"background-color:#cee1eb\"><strong>Overcome the fear<\/strong> of public speaking by practising in a supportive and enjoyable environment.<\/p>\n\n\n\n<p class=\"has-text-align-center\">We offer group workshops and private coaching.<\/p>\n\n\n\n<p class=\"has-text-align-center\">We work together:<\/p>\n\n\n\n<div class=\"wp-block-jetpack-tiled-gallery aligncenter is-style-columns has-rounded-corners-15\"><div class=\"tiled-gallery__gallery\"><div class=\"tiled-gallery__row\"><div class=\"tiled-gallery__col\" style=\"flex-basis:100.00000%\"><figure class=\"tiled-gallery__item\"><img decoding=\"async\" srcset=\"https:\/\/i2.wp.com\/artfabriclondon.com\/wp-content\/uploads\/2023\/03\/Screenshot-2023-03-05-at-08.29.51-1.png?strip=info&#038;w=542&#038;ssl=1 542w\" alt=\"\" data-height=\"200\" data-id=\"1206\" data-link=\"https:\/\/artfabriclondon.com\/index.php\/public-speaking-workshops\/screenshot-2023-03-05-at-08-29-51-1\/\" data-url=\"https:\/\/artfabriclondon.com\/wp-content\/uploads\/2023\/03\/Screenshot-2023-03-05-at-08.29.51-1.png\" data-width=\"542\" src=\"https:\/\/i2.wp.com\/artfabriclondon.com\/wp-content\/uploads\/2023\/03\/Screenshot-2023-03-05-at-08.29.51-1.png?ssl=1\" data-amp-layout=\"responsive\"\/><\/figure><\/div><div class=\"tiled-gallery__col\"><figure class=\"tiled-gallery__item\"><img decoding=\"async\" srcset=\"https:\/\/i1.wp.com\/artfabriclondon.com\/wp-content\/uploads\/2025\/02\/CFBL-Logo.png?strip=info&#038;w=225&#038;ssl=1 225w\" alt=\"\" data-height=\"225\" data-id=\"1765\" data-link=\"https:\/\/artfabriclondon.com\/index.php\/public-speaking-and-networking-workshops\/cfbl-logo\/\" data-url=\"https:\/\/artfabriclondon.com\/wp-content\/uploads\/2025\/02\/CFBL-Logo.png\" data-width=\"225\" src=\"https:\/\/i1.wp.com\/artfabriclondon.com\/wp-content\/uploads\/2025\/02\/CFBL-Logo.png?ssl=1\" data-amp-layout=\"responsive\"\/><\/figure><\/div><div class=\"tiled-gallery__col\"><figure class=\"tiled-gallery__item\"><img decoding=\"async\" srcset=\"https:\/\/i2.wp.com\/artfabriclondon.com\/wp-content\/uploads\/2023\/03\/Screenshot-2023-03-05-at-08.32.36.png?strip=info&#038;w=600&#038;ssl=1 600w,https:\/\/i2.wp.com\/artfabriclondon.com\/wp-content\/uploads\/2023\/03\/Screenshot-2023-03-05-at-08.32.36.png?strip=info&#038;w=658&#038;ssl=1 658w\" alt=\"\" data-height=\"304\" data-id=\"1207\" data-link=\"https:\/\/artfabriclondon.com\/index.php\/public-speaking-workshops\/screenshot-2023-03-05-at-08-32-36\/\" data-url=\"https:\/\/artfabriclondon.com\/wp-content\/uploads\/2023\/03\/Screenshot-2023-03-05-at-08.32.36.png\" data-width=\"658\" src=\"https:\/\/i2.wp.com\/artfabriclondon.com\/wp-content\/uploads\/2023\/03\/Screenshot-2023-03-05-at-08.32.36.png?ssl=1\" data-amp-layout=\"responsive\"\/><\/figure><\/div><\/div><\/div><\/div>\n\n\n\n<p><\/p>\n\n\n\n<p class=\"has-text-align-center\">Interested in knowing more? Contact us!<\/p>\n\n\n<div class=\"wp-block-image\">\n<figure class=\"aligncenter size-large is-resized\"><img loading=\"lazy\" decoding=\"async\" width=\"1024\" height=\"1024\" src=\"https:\/\/artfabriclondon.com\/wp-content\/uploads\/2024\/02\/Art-Fab-PS-logo-hw-1024x1024.png\" alt=\"\" class=\"wp-image-1601\" style=\"width:146px;height:auto\" srcset=\"https:\/\/artfabriclondon.com\/wp-content\/uploads\/2024\/02\/Art-Fab-PS-logo-hw-1024x1024.png 1024w, https:\/\/artfabriclondon.com\/wp-content\/uploads\/2024\/02\/Art-Fab-PS-logo-hw-300x300.png 300w, https:\/\/artfabriclondon.com\/wp-content\/uploads\/2024\/02\/Art-Fab-PS-logo-hw-150x150.png 150w, https:\/\/artfabriclondon.com\/wp-content\/uploads\/2024\/02\/Art-Fab-PS-logo-hw-768x768.png 768w, https:\/\/artfabriclondon.com\/wp-content\/uploads\/2024\/02\/Art-Fab-PS-logo-hw.png 1080w\" sizes=\"(max-width: 1024px) 100vw, 1024px\" \/><\/figure><\/div>\n\n\n<h2 class=\"wp-block-heading has-white-color has-text-color has-background has-link-color wp-elements-73ac7f7208f895dd9382593ea7ffeff2\" style=\"background-color:#5260ac\">CONTACT US<\/h2>\n\n\n\n<div class=\"forminator-guttenberg\"><div class=\"forminator-ui forminator-custom-form forminator-custom-form-1533 forminator-design--default  forminator_ajax\" data-forminator-render=\"0\" data-form=\"forminator-module-1533\" data-uid=\"69f0be734391e\"><br\/><\/div><form\n\t\t\t\tid=\"forminator-module-1533\"\n\t\t\t\tclass=\"forminator-ui forminator-custom-form forminator-custom-form-1533 forminator-design--default  forminator_ajax\"\n\t\t\t\tmethod=\"post\"\n\t\t\t\tdata-forminator-render=\"0\"\n\t\t\t\tdata-form-id=\"1533\"\n\t\t\t\t\n\t\t\t\tdata-design=\"default\"\n\t\t\t\t\n\t\t\t\t\n\t\t\t\t\n\t\t\t\tdata-grid=\"open\"\n\t\t\t\t\n\t\t\t\t\n\t\t\t\tstyle=\"display: none;\"\n\t\t\t\t\n\t\t\t\tdata-uid=\"69f0be734391e\"\n\t\t\t><div role=\"alert\" aria-live=\"polite\" class=\"forminator-response-message forminator-error\" aria-hidden=\"true\"><\/div><div class=\"forminator-row\"><div id=\"name-1\" class=\"forminator-field-name forminator-col forminator-col-12 \"><div class=\"forminator-field\"><label for=\"forminator-field-name-1_69f0be734391e\" id=\"forminator-field-name-1_69f0be734391e-label\" class=\"forminator-label\">First Name <span class=\"forminator-required\">*<\/span><\/label><input type=\"text\" name=\"name-1\" value=\"\" placeholder=\"E.g. John\" id=\"forminator-field-name-1_69f0be734391e\" class=\"forminator-input forminator-name--field\" aria-required=\"true\" \/><\/div><\/div><\/div><div class=\"forminator-row\"><div id=\"email-1\" class=\"forminator-field-email forminator-col forminator-col-12 \"><div class=\"forminator-field\"><label for=\"forminator-field-email-1_69f0be734391e\" id=\"forminator-field-email-1_69f0be734391e-label\" class=\"forminator-label\">Email Address <span class=\"forminator-required\">*<\/span><\/label><input type=\"email\" name=\"email-1\" value=\"\" placeholder=\"E.g. john@doe.com\" id=\"forminator-field-email-1_69f0be734391e\" class=\"forminator-input forminator-email--field\" data-required=\"true\" aria-required=\"true\" \/><\/div><\/div><\/div><div class=\"forminator-row\"><div id=\"textarea-1\" class=\"forminator-field-textarea forminator-col forminator-col-12 \"><div class=\"forminator-field\"><label for=\"forminator-field-textarea-1_69f0be734391e\" id=\"forminator-field-textarea-1_69f0be734391e-label\" class=\"forminator-label\">Message<\/label><textarea name=\"textarea-1\" placeholder=\"Enter your message...\" id=\"forminator-field-textarea-1_69f0be734391e\" class=\"forminator-textarea\" rows=\"6\" style=\"min-height:140px;\" maxlength=\"180\" ><\/textarea><span id=\"forminator-field-textarea-1_69f0be734391e-description\" class=\"forminator-description\"><span data-limit=\"180\" data-type=\"characters\">0 \/ 180<\/span><\/span><\/div><\/div><\/div><input type=\"hidden\" name=\"referer_url\" value=\"\" \/><div class=\"forminator-row forminator-row-last\"><div class=\"forminator-col\"><div class=\"forminator-field\"><button class=\"forminator-button forminator-button-submit\">Send Message<\/button><\/div><\/div><\/div><input type=\"hidden\" id=\"forminator_nonce\" name=\"forminator_nonce\" value=\"9279f81286\" \/><input type=\"hidden\" name=\"_wp_http_referer\" value=\"\/index.php\/wp-json\/wp\/v2\/pages\/1738\" \/><input type=\"hidden\" name=\"form_id\" value=\"1533\"><input type=\"hidden\" name=\"page_id\" value=\"1738\"><input type=\"hidden\" name=\"form_type\" value=\"default\"><input type=\"hidden\" name=\"current_url\" value=\"https:\/\/artfabriclondon.com\/index.php\/public-speaking-and-networking-workshops\/\"><input type=\"hidden\" name=\"render_id\" value=\"0\"><input type=\"hidden\" name=\"action\" value=\"forminator_submit_form_custom-forms\"><\/form><\/div>\n\n\n\n<p>What our clients say: <\/p>\n\n\n\n<blockquote class=\"wp-block-quote\">\n<p><\/p>\n<cite>I really enjoyed the workshops and so did the group! Most of the students have already managed to use in class what they worked on with you!<\/cite><\/blockquote>\n\n\n\n<blockquote class=\"wp-block-quote\">\n<p><\/p>\n<cite>Thanks a lot for your workshops, it was great and really inspired me! <\/cite><\/blockquote>\n\n\n\n<blockquote class=\"wp-block-quote\">\n<p><\/p>\n<cite>I want to thank you again for these workshops that have been enlightening for the students and myself. It&#8217;s always a pleasure to see them in a different setting and to discover a new side of them.<\/cite><\/blockquote>\n\n\n<div class=\"wp-block-image\">\n<figure class=\"aligncenter size-full is-resized\"><img loading=\"lazy\" decoding=\"async\" width=\"569\" height=\"255\" src=\"https:\/\/artfabriclondon.com\/wp-content\/uploads\/2025\/02\/Screenshot-2025-02-15-at-14.41.54-edited.png\" alt=\"\" class=\"wp-image-1781\" style=\"width:157px;height:auto\" srcset=\"https:\/\/artfabriclondon.com\/wp-content\/uploads\/2025\/02\/Screenshot-2025-02-15-at-14.41.54-edited.png 569w, https:\/\/artfabriclondon.com\/wp-content\/uploads\/2025\/02\/Screenshot-2025-02-15-at-14.41.54-edited-300x134.png 300w\" sizes=\"(max-width: 569px) 100vw, 569px\" \/><\/figure><\/div>","protected":false},"excerpt":{"rendered":"<p>by ArtFabric London Public speaking can be intimidating, with 75% of people experiencing anxiety about it. Our workshops provide practical tips and tools that you can apply right away to enhance your public speaking skills in professional environments. &nbsp;In our sessions, you will learn to: Those workshops are also a fantastic team-building experience! Overcome the [&hellip;]<\/p>\n","protected":false},"author":1,"featured_media":0,"parent":0,"menu_order":0,"comment_status":"closed","ping_status":"closed","template":"template-fullwidth.php","meta":{"footnotes":""},"yoast_head":"<!-- This site is optimized with the Yoast SEO plugin v22.0 - https:\/\/yoast.com\/wordpress\/plugins\/seo\/ -->\n<title>Public Speaking workshops - ArtFabric London<\/title>\n<meta name=\"description\" content=\"ArtFabric London offers workshops to give you the essential skills for public speaking in professional settings.\" \/>\n<meta name=\"robots\" content=\"index, follow, max-snippet:-1, max-image-preview:large, max-video-preview:-1\" \/>\n<link rel=\"canonical\" href=\"https:\/\/artfabriclondon.com\/index.php\/public-speaking-and-networking-workshops\/\" \/>\n<meta property=\"og:locale\" content=\"en_US\" \/>\n<meta property=\"og:type\" content=\"article\" \/>\n<meta property=\"og:title\" content=\"Public Speaking workshops - ArtFabric London\" \/>\n<meta property=\"og:description\" content=\"ArtFabric London offers workshops to give you the essential skills for public speaking in professional settings.\" \/>\n<meta property=\"og:url\" content=\"https:\/\/artfabriclondon.com\/index.php\/public-speaking-and-networking-workshops\/\" \/>\n<meta property=\"og:site_name\" content=\"ArtFabric London\" \/>\n<meta property=\"article:modified_time\" content=\"2025-08-29T14:16:46+00:00\" \/>\n<meta property=\"og:image\" content=\"https:\/\/artfabriclondon.com\/wp-content\/uploads\/2024\/02\/Prise-parole-photo-2.png\" \/>\n<meta name=\"twitter:card\" content=\"summary_large_image\" \/>\n<meta name=\"twitter:label1\" content=\"Est. reading time\" \/>\n\t<meta name=\"twitter:data1\" content=\"2 minutes\" \/>\n<script type=\"application\/ld+json\" class=\"yoast-schema-graph\">{\"@context\":\"https:\/\/schema.org\",\"@graph\":[{\"@type\":\"WebPage\",\"@id\":\"https:\/\/artfabriclondon.com\/index.php\/public-speaking-and-networking-workshops\/\",\"url\":\"https:\/\/artfabriclondon.com\/index.php\/public-speaking-and-networking-workshops\/\",\"name\":\"Public Speaking workshops - ArtFabric London\",\"isPartOf\":{\"@id\":\"https:\/\/artfabriclondon.com\/#website\"},\"datePublished\":\"2024-10-07T18:23:48+00:00\",\"dateModified\":\"2025-08-29T14:16:46+00:00\",\"description\":\"ArtFabric London offers workshops to give you the essential skills for public speaking in professional settings.\",\"breadcrumb\":{\"@id\":\"https:\/\/artfabriclondon.com\/index.php\/public-speaking-and-networking-workshops\/#breadcrumb\"},\"inLanguage\":\"en-US\",\"potentialAction\":[{\"@type\":\"ReadAction\",\"target\":[\"https:\/\/artfabriclondon.com\/index.php\/public-speaking-and-networking-workshops\/\"]}]},{\"@type\":\"BreadcrumbList\",\"@id\":\"https:\/\/artfabriclondon.com\/index.php\/public-speaking-and-networking-workshops\/#breadcrumb\",\"itemListElement\":[{\"@type\":\"ListItem\",\"position\":1,\"name\":\"Accueil\",\"item\":\"https:\/\/artfabriclondon.com\/\"},{\"@type\":\"ListItem\",\"position\":2,\"name\":\"Public Speaking workshops\"}]},{\"@type\":\"WebSite\",\"@id\":\"https:\/\/artfabriclondon.com\/#website\",\"url\":\"https:\/\/artfabriclondon.com\/\",\"name\":\"ArtFabric London\",\"description\":\"Cours de th\u00e9\u00e2tre en fran\u00e7ais \u00e0 Londres\",\"publisher\":{\"@id\":\"https:\/\/artfabriclondon.com\/#organization\"},\"potentialAction\":[{\"@type\":\"SearchAction\",\"target\":{\"@type\":\"EntryPoint\",\"urlTemplate\":\"https:\/\/artfabriclondon.com\/?s={search_term_string}\"},\"query-input\":\"required name=search_term_string\"}],\"inLanguage\":\"en-US\"},{\"@type\":\"Organization\",\"@id\":\"https:\/\/artfabriclondon.com\/#organization\",\"name\":\"ArtFabric London\",\"url\":\"https:\/\/artfabriclondon.com\/\",\"logo\":{\"@type\":\"ImageObject\",\"inLanguage\":\"en-US\",\"@id\":\"https:\/\/artfabriclondon.com\/#\/schema\/logo\/image\/\",\"url\":\"http:\/\/artfabriclondon.com\/wp-content\/uploads\/2021\/08\/cropped-cropped-logofinal.png\",\"contentUrl\":\"http:\/\/artfabriclondon.com\/wp-content\/uploads\/2021\/08\/cropped-cropped-logofinal.png\",\"width\":512,\"height\":512,\"caption\":\"ArtFabric London\"},\"image\":{\"@id\":\"https:\/\/artfabriclondon.com\/#\/schema\/logo\/image\/\"}}]}<\/script>\n<!-- \/ Yoast SEO plugin. -->","yoast_head_json":{"title":"Public Speaking workshops - ArtFabric London","description":"ArtFabric London offers workshops to give you the essential skills for public speaking in professional settings.","robots":{"index":"index","follow":"follow","max-snippet":"max-snippet:-1","max-image-preview":"max-image-preview:large","max-video-preview":"max-video-preview:-1"},"canonical":"https:\/\/artfabriclondon.com\/index.php\/public-speaking-and-networking-workshops\/","og_locale":"en_US","og_type":"article","og_title":"Public Speaking workshops - ArtFabric London","og_description":"ArtFabric London offers workshops to give you the essential skills for public speaking in professional settings.","og_url":"https:\/\/artfabriclondon.com\/index.php\/public-speaking-and-networking-workshops\/","og_site_name":"ArtFabric London","article_modified_time":"2025-08-29T14:16:46+00:00","og_image":[{"url":"https:\/\/artfabriclondon.com\/wp-content\/uploads\/2024\/02\/Prise-parole-photo-2.png"}],"twitter_card":"summary_large_image","twitter_misc":{"Est. reading time":"2 minutes"},"schema":{"@context":"https:\/\/schema.org","@graph":[{"@type":"WebPage","@id":"https:\/\/artfabriclondon.com\/index.php\/public-speaking-and-networking-workshops\/","url":"https:\/\/artfabriclondon.com\/index.php\/public-speaking-and-networking-workshops\/","name":"Public Speaking workshops - ArtFabric London","isPartOf":{"@id":"https:\/\/artfabriclondon.com\/#website"},"datePublished":"2024-10-07T18:23:48+00:00","dateModified":"2025-08-29T14:16:46+00:00","description":"ArtFabric London offers workshops to give you the essential skills for public speaking in professional settings.","breadcrumb":{"@id":"https:\/\/artfabriclondon.com\/index.php\/public-speaking-and-networking-workshops\/#breadcrumb"},"inLanguage":"en-US","potentialAction":[{"@type":"ReadAction","target":["https:\/\/artfabriclondon.com\/index.php\/public-speaking-and-networking-workshops\/"]}]},{"@type":"BreadcrumbList","@id":"https:\/\/artfabriclondon.com\/index.php\/public-speaking-and-networking-workshops\/#breadcrumb","itemListElement":[{"@type":"ListItem","position":1,"name":"Accueil","item":"https:\/\/artfabriclondon.com\/"},{"@type":"ListItem","position":2,"name":"Public Speaking workshops"}]},{"@type":"WebSite","@id":"https:\/\/artfabriclondon.com\/#website","url":"https:\/\/artfabriclondon.com\/","name":"ArtFabric London","description":"Cours de th\u00e9\u00e2tre en fran\u00e7ais \u00e0 Londres","publisher":{"@id":"https:\/\/artfabriclondon.com\/#organization"},"potentialAction":[{"@type":"SearchAction","target":{"@type":"EntryPoint","urlTemplate":"https:\/\/artfabriclondon.com\/?s={search_term_string}"},"query-input":"required name=search_term_string"}],"inLanguage":"en-US"},{"@type":"Organization","@id":"https:\/\/artfabriclondon.com\/#organization","name":"ArtFabric London","url":"https:\/\/artfabriclondon.com\/","logo":{"@type":"ImageObject","inLanguage":"en-US","@id":"https:\/\/artfabriclondon.com\/#\/schema\/logo\/image\/","url":"http:\/\/artfabriclondon.com\/wp-content\/uploads\/2021\/08\/cropped-cropped-logofinal.png","contentUrl":"http:\/\/artfabriclondon.com\/wp-content\/uploads\/2021\/08\/cropped-cropped-logofinal.png","width":512,"height":512,"caption":"ArtFabric London"},"image":{"@id":"https:\/\/artfabriclondon.com\/#\/schema\/logo\/image\/"}}]}},"jetpack_sharing_enabled":true,"_links":{"self":[{"href":"https:\/\/artfabriclondon.com\/index.php\/wp-json\/wp\/v2\/pages\/1738"}],"collection":[{"href":"https:\/\/artfabriclondon.com\/index.php\/wp-json\/wp\/v2\/pages"}],"about":[{"href":"https:\/\/artfabriclondon.com\/index.php\/wp-json\/wp\/v2\/types\/page"}],"author":[{"embeddable":true,"href":"https:\/\/artfabriclondon.com\/index.php\/wp-json\/wp\/v2\/users\/1"}],"replies":[{"embeddable":true,"href":"https:\/\/artfabriclondon.com\/index.php\/wp-json\/wp\/v2\/comments?post=1738"}],"version-history":[{"count":24,"href":"https:\/\/artfabriclondon.com\/index.php\/wp-json\/wp\/v2\/pages\/1738\/revisions"}],"predecessor-version":[{"id":2022,"href":"https:\/\/artfabriclondon.com\/index.php\/wp-json\/wp\/v2\/pages\/1738\/revisions\/2022"}],"wp:attachment":[{"href":"https:\/\/artfabriclondon.com\/index.php\/wp-json\/wp\/v2\/media?parent=1738"}],"curies":[{"name":"wp","href":"https:\/\/api.w.org\/{rel}","templated":true}]}}